{"id":463,"date":"2023-02-02T19:09:36","date_gmt":"2023-02-02T18:09:36","guid":{"rendered":"https:\/\/steam-butler.de\/?page_id=463"},"modified":"2023-03-03T17:43:50","modified_gmt":"2023-03-03T16:43:50","slug":"%d0%b2%d0%b8%d1%85%d1%96%d0%b4%d0%bd%d0%b8%d0%b9-%d0%bc%d0%b0%d1%82%d0%b5%d1%80%d1%96%d0%b0%d0%bb","status":"publish","type":"page","link":"https:\/\/steam-butler.de\/uk\/%d0%b2%d0%b8%d1%85%d1%96%d0%b4%d0%bd%d0%b8%d0%b9-%d0%bc%d0%b0%d1%82%d0%b5%d1%80%d1%96%d0%b0%d0%bb\/","title":{"rendered":"\u0432\u0438\u0445\u0456\u0434\u043d\u0438\u0439 \u043c\u0430\u0442\u0435\u0440\u0456\u0430\u043b"},"content":{"rendered":"<p>Outgym GmbH<br \/>\n\u0432\u0443\u043b. \u0413\u0435\u043e\u0440\u0433\u0430 \u0420\u0435\u043a\u0430, 3<br \/>\n91336 \u0413\u0435\u0440\u043e\u043b\u044c\u0434\u0441\u0431\u0430\u0445<br \/>\n\u041d\u0456\u043c\u0435\u0447\u0447\u0438\u043d\u0430<\/p>\n<p>\u0422\u0435\u043b\u0435\u0444\u043e\u043d: 09190 \/ 9958-544<br \/>\n\u0424\u0430\u043a\u0441: 09190 \/ 9958-914<br \/>\n\u0415\u043b\u0435\u043a\u0442\u0440\u043e\u043d\u043d\u0430 \u043f\u043e\u0448\u0442\u0430: info@outgym.de<\/p>\n<p>\u0420\u0435\u0454\u0441\u0442\u0440\u0430\u0446\u0456\u0439\u043d\u0438\u0439 \u0441\u0443\u0434: \u0411\u0430\u043c\u0431\u0435\u0440\u0437\u044c\u043a\u0438\u0439 \u0440\u0430\u0439\u043e\u043d\u043d\u0438\u0439 \u0441\u0443\u0434<br \/>\n\u0420\u0435\u0454\u0441\u0442\u0440\u0430\u0446\u0456\u0439\u043d\u0438\u0439 \u043d\u043e\u043c\u0435\u0440: HRB 10384<\/p>\n<p>\u041a\u0435\u0440\u0443\u044e\u0447\u0438\u0439 \u0434\u0438\u0440\u0435\u043a\u0442\u043e\u0440: \u041c\u0430\u0439\u043a\u043b \u041c\u0430\u0439\u043d\u0434\u043b<\/p>\n<p>\u0406\u0434\u0435\u043d\u0442\u0438\u0444\u0456\u043a\u0430\u0446\u0456\u0439\u043d\u0438\u0439 \u043d\u043e\u043c\u0435\u0440 \u043f\u043b\u0430\u0442\u043d\u0438\u043a\u0430 \u041f\u0414\u0412 \u0437\u0433\u0456\u0434\u043d\u043e \u0437 \u0440\u043e\u0437\u0434\u0456\u043b\u043e\u043c 27a \u0417\u0430\u043a\u043e\u043d\u0443 \u043f\u0440\u043e \u043f\u043e\u0434\u0430\u0442\u043e\u043a \u0437 \u043f\u0440\u043e\u0434\u0430\u0436\u0443: DE344141760<\/p>\n<p>\u041f\u043b\u0430\u0442\u0444\u043e\u0440\u043c\u0430 \u0404\u0432\u0440\u043e\u043f\u0435\u0439\u0441\u044c\u043a\u043e\u0457 \u043a\u043e\u043c\u0456\u0441\u0456\u0457 \u0434\u043b\u044f \u043e\u043d\u043b\u0430\u0439\u043d-\u0432\u0440\u0435\u0433\u0443\u043b\u044e\u0432\u0430\u043d\u043d\u044f \u0441\u043f\u043e\u0440\u0456\u0432:&nbsp;<a href=\"https:\/\/ec.europa.eu\/odr\" target=\"_blank\" rel=\"noopener\">https:\/\/ec.europa.eu\/odr<\/a><\/p>\n<p>\u041c\u0438 \u043d\u0435 \u0437\u043e\u0431\u043e\u0432&#039;\u044f\u0437\u0430\u043d\u0456 \u0456 \u043d\u0435 \u0431\u0430\u0436\u0430\u0454\u043c\u043e \u0431\u0440\u0430\u0442\u0438 \u0443\u0447\u0430\u0441\u0442\u044c \u0443 \u043f\u0440\u043e\u0446\u0435\u0434\u0443\u0440\u0430\u0445 \u0432\u0438\u0440\u0456\u0448\u0435\u043d\u043d\u044f \u0441\u043f\u043e\u0440\u0456\u0432 \u0443 \u0441\u043f\u043e\u0436\u0438\u0432\u0447\u0456\u0439 \u0430\u0440\u0431\u0456\u0442\u0440\u0430\u0436\u043d\u0456\u0439 \u0440\u0430\u0434\u0456.<\/p>\n<p>\u0412\u0456\u0434\u043f\u043e\u0432\u0456\u0434\u0430\u043b\u044c\u043d\u0430 \u043e\u0441\u043e\u0431\u0430 \u0443 \u0437\u043d\u0430\u0447\u0435\u043d\u043d\u0456 \u00a7 18 (2) MStV:<br \/>\nMicahel Meindl, Mayor-Georg-Reck-Str. 3, 91336 \u0413\u0435\u0440\u043e\u043b\u044c\u0434\u0441\u0431\u0430\u0445<\/p>\n<p>\u0417\u043e\u0431\u0440\u0430\u0436\u0435\u043d\u043d\u044f \u0442\u0430 \u0442\u0435\u043a\u0441\u0442\u0438, \u0449\u043e \u0432\u0438\u043a\u043e\u0440\u0438\u0441\u0442\u043e\u0432\u0443\u044e\u0442\u044c\u0441\u044f \u0434\u043b\u044f \u043f\u0440\u0438\u0441\u0442\u0440\u043e\u0457\u0432, \u0432\u0438\u0440\u043e\u0431\u043d\u0438\u043a\u043e\u043c \u044f\u043a\u0438\u0445 \u043d\u0435 \u0454 Trimm-Dich-Pfad.com, \u0454 \u0432\u043b\u0430\u0441\u043d\u0456\u0441\u0442\u044e \u0432\u0456\u0434\u043f\u043e\u0432\u0456\u0434\u043d\u0438\u0445 \u0432\u0438\u0440\u043e\u0431\u043d\u0438\u043a\u0456\u0432 \u0456 \u0431\u0443\u043b\u0438 \u043d\u0430\u0434\u0430\u043d\u0456 \u043d\u0430\u043c.<\/p>\n<p>\u0414\u0436\u0435\u0440\u0435\u043b\u043e \u0432\u0438\u043a\u043e\u0440\u0438\u0441\u0442\u0430\u043d\u0438\u0445 \u0441\u0442\u043e\u043a\u043e\u0432\u0438\u0445 \u0444\u043e\u0442\u043e\u0433\u0440\u0430\u0444\u0456\u0439: Fotolia.de \/ Bigstockphoto.com<br \/>\n<div class=\"woocommerce woocommerce-gzd woocommerce-gzd-complaints-shortcode\">\n\t\t\t<h3>Alternative Dispute Resolution in accordance with Art. 14 (1) ODR-VO and \u00a7 36 VSBG:<\/h3>\n\t\n\u041c\u0438 \u043d\u0435 \u0437\u043e\u0431\u043e\u0432&#039;\u044f\u0437\u0430\u043d\u0456 \u0456 \u043d\u0435 \u0431\u0430\u0436\u0430\u0454\u043c\u043e \u0431\u0440\u0430\u0442\u0438 \u0443\u0447\u0430\u0441\u0442\u044c \u0443 \u043f\u0440\u043e\u0446\u0435\u0434\u0443\u0440\u0430\u0445 \u0432\u0438\u0440\u0456\u0448\u0435\u043d\u043d\u044f \u0441\u043f\u043e\u0440\u0456\u0432 \u0443 \u0441\u043f\u043e\u0436\u0438\u0432\u0447\u0456\u0439 \u0430\u0440\u0431\u0456\u0442\u0440\u0430\u0436\u043d\u0456\u0439 \u0440\u0430\u0434\u0456.<\/div>","protected":false},"excerpt":{"rendered":"<p>Outgym GmbH Bgm.-Georg-Reck-Str. 3 91336 Heroldsbach Deutschland Tel.: 09190 \/ 9958-544 Fax: 09190 \/ 9958-914 E-Mail: info@outgym.de Registergericht: Amtsgericht Bamberg Registernummer: HRB 10384 Gesch\u00e4ftsf\u00fchrer: Michael Meindl Umsatzsteuer-Identifikationsnummer gem\u00e4\u00df \u00a7 27 a Umsatzsteuergesetz: DE344141760 Plattform der EU-Kommission zur Online-Streitbeilegung:&nbsp;https:\/\/ec.europa.eu\/odr Wir sind zur Teilnahme an einem Streitbeilegungsverfahren vor einer Verbraucherschlichtungsstelle weder verpflichtet noch bereit. Verantwortliche\/r i.S.d. \u00a7 [&hellip;]<\/p>","protected":false},"author":1,"featured_media":0,"parent":0,"menu_order":0,"comment_status":"closed","ping_status":"closed","template":"fullwidth-page.php","meta":{"_monsterinsights_skip_tracking":false,"_monsterinsights_sitenote_active":false,"_monsterinsights_sitenote_note":"","_monsterinsights_sitenote_category":0,"footnotes":""},"class_list":["post-463","page","type-page","status-publish","hentry"],"jetpack-related-posts":[],"jetpack_sharing_enabled":true,"_links":{"self":[{"href":"https:\/\/steam-butler.de\/uk\/wp-json\/wp\/v2\/pages\/463","targetHints":{"allow":["GET"]}}],"collection":[{"href":"https:\/\/steam-butler.de\/uk\/wp-json\/wp\/v2\/pages"}],"about":[{"href":"https:\/\/steam-butler.de\/uk\/wp-json\/wp\/v2\/types\/page"}],"author":[{"embeddable":true,"href":"https:\/\/steam-butler.de\/uk\/wp-json\/wp\/v2\/users\/1"}],"replies":[{"embeddable":true,"href":"https:\/\/steam-butler.de\/uk\/wp-json\/wp\/v2\/comments?post=463"}],"version-history":[{"count":3,"href":"https:\/\/steam-butler.de\/uk\/wp-json\/wp\/v2\/pages\/463\/revisions"}],"predecessor-version":[{"id":518,"href":"https:\/\/steam-butler.de\/uk\/wp-json\/wp\/v2\/pages\/463\/revisions\/518"}],"wp:attachment":[{"href":"https:\/\/steam-butler.de\/uk\/wp-json\/wp\/v2\/media?parent=463"}],"curies":[{"name":"wp","href":"https:\/\/api.w.org\/{rel}","templated":true}]}}