{"id":1266,"date":"2025-09-28T04:27:40","date_gmt":"2025-09-28T02:27:40","guid":{"rendered":"https:\/\/steam-butler.de\/?page_id=1266"},"modified":"2025-09-28T15:22:21","modified_gmt":"2025-09-28T13:22:21","slug":"%d1%82%d0%b5%d1%81%d1%82","status":"publish","type":"page","link":"https:\/\/steam-butler.de\/uk\/%d1%82%d0%b5%d1%81%d1%82\/","title":{"rendered":"\u0442\u0435\u0441\u0442"},"content":{"rendered":"<section class=\"wpb-content-wrapper\"><div class=\"vc_row wpb_row vc_row-fluid\"><div class=\"wpb_column vc_column_container vc_col-sm-12\"><div class=\"vc_column-inner\"><div class=\"wpb_wrapper\">\n\t<div class=\"wpb_text_column wpb_content_element\" >\n\t\t<div class=\"wpb_wrapper\">\n\t\t\t<ul id=\"shipping_method\" class=\"woocommerce-shipping-methods\">\n<li><label for=\"shipping_method_0_free_shipping1\">\u0411\u0435\u0437\u043a\u043e\u0448\u0442\u043e\u0432\u043d\u0430 \u0434\u043e\u0441\u0442\u0430\u0432\u043a\u0430<\/label><\/li>\n<\/ul>\n<p><span class=\"woocommerce-input-wrapper\"><label class=\"checkbox\"><input id=\"ce4wp_checkout_consent_checkbox\" class=\"input-checkbox\" name=\"ce4wp_checkout_consent_checkbox\" type=\"checkbox\" value=\"1\" \/> \u0422\u0430\u043a, \u044f \u043f\u043e\u0433\u043e\u0434\u0436\u0443\u044e\u0441\u044f \u0437 \u0442\u0438\u043c, \u0449\u043e \u0432\u0438 \u043c\u043e\u0436\u0435\u0442\u0435 \u043d\u0430\u0434\u0441\u0438\u043b\u0430\u0442\u0438 \u043c\u0435\u043d\u0456 \u0434\u043e\u0434\u0430\u0442\u043a\u043e\u0432\u0456 \u0440\u043e\u0437\u0441\u0438\u043b\u043a\u0438 \u0442\u0430 \u0435\u043b\u0435\u043a\u0442\u0440\u043e\u043d\u043d\u0456 \u043b\u0438\u0441\u0442\u0438\u00a0<span class=\"optional\">(\u043d\u0435\u043e\u0431\u043e\u0432&#039;\u044f\u0437\u043a\u043e\u0432\u043e)<\/span><\/label><\/span><\/p>\n<p><span class=\"woocommerce-gzd-legal-checkbox-text\">\u0420\u043e\u0437\u043c\u0456\u0449\u0443\u044e\u0447\u0438 \u0437\u0430\u043c\u043e\u0432\u043b\u0435\u043d\u043d\u044f, \u0432\u0438 \u043f\u043e\u0433\u043e\u0434\u0436\u0443\u0454\u0442\u0435\u0441\u044f \u0437 \u043d\u0430\u0448\u0438\u043c\u0438 <a href=\"https:\/\/steam-butler.de\/en\/terms-and-conditions\/\" target=\"_blank\" rel=\"noopener\">\u0417\u0430\u0433\u0430\u043b\u044c\u043d\u0456 \u043f\u043e\u043b\u043e\u0436\u0435\u043d\u043d\u044f \u0442\u0430 \u0443\u043c\u043e\u0432\u0438<\/a> \u0456 <a href=\"https:\/\/steam-butler.de\/en\/cancellation-policy\/\" target=\"_blank\" rel=\"noopener\">\u041f\u043e\u043b\u0456\u0442\u0438\u043a\u0430 \u0441\u043a\u0430\u0441\u0443\u0432\u0430\u043d\u043d\u044f<\/a> \u043f\u043e\u0433\u043e\u0434\u0438\u0432\u0441\u044f.<\/span><\/p>\n<p>\u041f\u0435\u0440\u0435\u043a\u0430\u0437\u0443\u0439\u0442\u0435 \u043a\u043e\u0448\u0442\u0438 \u0431\u0435\u0437\u043f\u043e\u0441\u0435\u0440\u0435\u0434\u043d\u044c\u043e \u043d\u0430 \u043d\u0430\u0448 \u0431\u0430\u043d\u043a\u0456\u0432\u0441\u044c\u043a\u0438\u0439 \u0440\u0430\u0445\u0443\u043d\u043e\u043a. \u0411\u0443\u0434\u044c \u043b\u0430\u0441\u043a\u0430, \u0432\u0438\u043a\u043e\u0440\u0438\u0441\u0442\u043e\u0432\u0443\u0439\u0442\u0435 \u043d\u043e\u043c\u0435\u0440 \u0437\u0430\u043c\u043e\u0432\u043b\u0435\u043d\u043d\u044f \u044f\u043a \u043f\u043e\u0441\u0438\u043b\u0430\u043d\u043d\u044f. \u0412\u0430\u0448\u0435 \u0437\u0430\u043c\u043e\u0432\u043b\u0435\u043d\u043d\u044f \u0431\u0443\u0434\u0435 \u0432\u0456\u0434\u043f\u0440\u0430\u0432\u043b\u0435\u043d\u043e \u043b\u0438\u0448\u0435 \u043f\u0456\u0441\u043b\u044f \u043d\u0430\u0434\u0445\u043e\u0434\u0436\u0435\u043d\u043d\u044f \u043a\u043e\u0448\u0442\u0456\u0432 \u043d\u0430 \u043d\u0430\u0448 \u0440\u0430\u0445\u0443\u043d\u043e\u043a.<\/p>\n<p><label for=\"payment_method_bacs\"><br \/>\n\u041f\u0440\u044f\u043c\u0438\u0439 \u0431\u0430\u043d\u043a\u0456\u0432\u0441\u044c\u043a\u0438\u0439 \u043f\u0435\u0440\u0435\u043a\u0430\u0437 <\/label><\/p>\n<p><button id=\"place_order\" class=\"button alt\" name=\"woocommerce_checkout_place_order\" type=\"submit\" value=\"Jetzt kaufen\" data-value=\"Jetzt kaufen\">\u041a\u0443\u043f\u0438\u0442\u0438 \u0437\u0430\u0440\u0430\u0437<\/button><\/p>\n<p><label for=\"payment_method_stripe_klarna\"><br \/>\n\t\t\u0420\u0430\u0445\u0443\u043d\u043e\u043a-\u0444\u0430\u043a\u0442\u0443\u0440\u0430 \u0437 Klarna <img decoding=\"async\" src=\"https:\/\/steam-butler.de\/wp-content\/plugins\/woo-stripe-payment\/assets\/img\/klarna_pink.svg\" alt=\"\u0420\u0430\u0445\u0443\u043d\u043e\u043a-\u0444\u0430\u043a\u0442\u0443\u0440\u0430 \u0437 Klarna\" title=\"\">\t<\/label><\/p>\n\n\t\t<\/div>\n\t<\/div>\n\n\t<div class=\"wpb_text_column wpb_content_element\" >\n\t\t<div class=\"wpb_wrapper\">\n\t\t\t<p><label for=\"shipping_method_0_flat_rate3\">\u0424\u0456\u043a\u0441\u043e\u0432\u0430\u043d\u0430 \u0432\u0430\u0440\u0442\u0456\u0441\u0442\u044c \u0434\u043e\u0441\u0442\u0430\u0432\u043a\u0438: <span class=\"woocommerce-Price-amount amount\"><bdi>4,95&nbsp;<span class=\"woocommerce-Price-currencySymbol\">\u20ac<\/span><\/bdi><\/span><\/label><\/p>\n\n\t\t<\/div>\n\t<\/div>\n<\/div><\/div><\/div><\/div>\n<\/section>","protected":false},"excerpt":{"rendered":"Kostenlose Lieferung Ja, ich bin damit einverstanden, dass Sie mir zus\u00e4tzliche Newsletter- und E-Mail-Inhalte zusenden\u00a0(optional) Mit deiner Bestellung erkl\u00e4rst du dich mit unseren Allgemeinen Gesch\u00e4ftsbedingungen und Widerrufsbestimmungen einverstanden. \u00dcberweise direkt an unsere Bankverbindung. Bitte nutze die Bestellnummer als Verwendungszweck. Deine Bestellung wird erst nach Geldeingang auf unserem Konto versandt. Direkte Bank\u00fcberweisung Jetzt kaufen Rechnung mit [...]","protected":false},"author":1,"featured_media":0,"parent":0,"menu_order":0,"comment_status":"closed","ping_status":"closed","template":"","meta":{"_monsterinsights_skip_tracking":false,"_monsterinsights_sitenote_active":false,"_monsterinsights_sitenote_note":"","_monsterinsights_sitenote_category":0,"footnotes":""},"class_list":["post-1266","page","type-page","status-publish","hentry"],"jetpack-related-posts":[],"jetpack_sharing_enabled":true,"_links":{"self":[{"href":"https:\/\/steam-butler.de\/uk\/wp-json\/wp\/v2\/pages\/1266","targetHints":{"allow":["GET"]}}],"collection":[{"href":"https:\/\/steam-butler.de\/uk\/wp-json\/wp\/v2\/pages"}],"about":[{"href":"https:\/\/steam-butler.de\/uk\/wp-json\/wp\/v2\/types\/page"}],"author":[{"embeddable":true,"href":"https:\/\/steam-butler.de\/uk\/wp-json\/wp\/v2\/users\/1"}],"replies":[{"embeddable":true,"href":"https:\/\/steam-butler.de\/uk\/wp-json\/wp\/v2\/comments?post=1266"}],"version-history":[{"count":5,"href":"https:\/\/steam-butler.de\/uk\/wp-json\/wp\/v2\/pages\/1266\/revisions"}],"predecessor-version":[{"id":1276,"href":"https:\/\/steam-butler.de\/uk\/wp-json\/wp\/v2\/pages\/1266\/revisions\/1276"}],"wp:attachment":[{"href":"https:\/\/steam-butler.de\/uk\/wp-json\/wp\/v2\/media?parent=1266"}],"curies":[{"name":"wp","href":"https:\/\/api.w.org\/{rel}","templated":true}]}}