{"id":254,"date":"2016-07-01T13:39:15","date_gmt":"2016-07-01T11:39:15","guid":{"rendered":"http:\/\/ninetheme.com\/themes\/proland\/?post_type=product&#038;p=254"},"modified":"2025-12-24T18:23:35","modified_gmt":"2025-12-24T17:23:35","slug":"angbutler-maxi","status":"publish","type":"product","link":"https:\/\/steam-butler.de\/sv\/handla\/angbutler-maxi\/","title":{"rendered":"Steam Butler Maxi"},"content":{"rendered":"<p>Steam Butler Home tar hand om infusionen \u00e5t dig. Fyll den bara med infusionsvatten, s\u00e5 \u00e4r du redo att b\u00f6rja.<\/p>\n<p>Den stegl\u00f6st justerbara ventilen l\u00e5ter dig sj\u00e4lv kontrollera m\u00e4ngden vatten, vilket g\u00f6r att du kan best\u00e4mma hur ofta och hur snabbt Steam Butlern ska h\u00e4lla vatten \u00e5t dig. \u00d6nskad m\u00e4ngd vatten rinner genom ventilen in i tippningsanordningen. Om anordningen \u00e4r n\u00e4stan full uppst\u00e5r en obalans, vilket g\u00f6r att tippningsbeh\u00e5llaren v\u00e4lter. Vattnet fr\u00e5n tippningsbeh\u00e5llaren rinner nu ner p\u00e5 de heta bastustenarna.<\/p>\n<p>&nbsp;<\/p>\n<p>Steam Butler Home \u00e4r med sin volym och beh\u00e5llarens storlek perfekt utformad f\u00f6r din hemmabastu. Om din bastu har en v\u00e4rmare \u00f6ver 9 kW \u00e4r Maxi-versionen r\u00e4tt val.<\/p>\n<p>H\u00e4r \u00e4r n\u00e5gra detaljer:<\/p>\n<ul>\n<li style=\"list-style-type: none;\">\n<ul>\n<li>Vattensk\u00e5lens kapacitet \u00e4r 2,2 liter<\/li>\n<li>Ca 150 ml inneh\u00e5ll i den tippbara beh\u00e5llaren<\/li>\n<li>Infusionstid med helt \u00f6ppen ventil: Cirka 9 min (ca 30 doser)<\/li>\n<li>Infusionstiden kan justeras efter dina egna behov genom att justera ventilen<\/li>\n<\/ul>\n<\/li>\n<\/ul>","protected":false},"excerpt":{"rendered":"<p>2,2 liters vattensk\u00e5l \u2013 perfekt f\u00f6r st\u00f6rre bastur<\/p>","protected":false},"featured_media":1400,"comment_status":"open","ping_status":"closed","template":"","meta":{"_monsterinsights_skip_tracking":false,"_monsterinsights_sitenote_active":false,"_monsterinsights_sitenote_note":"","_monsterinsights_sitenote_category":0},"product_brand":[],"product_cat":[23],"product_tag":[],"class_list":{"0":"post-254","1":"product","2":"type-product","3":"status-publish","4":"has-post-thumbnail","6":"product_cat-steam-butler","8":"first","9":"instock","10":"sale","11":"taxable","12":"shipping-taxable","13":"purchasable","14":"product-type-simple"},"jetpack-related-posts":[],"jetpack_sharing_enabled":true,"_links":{"self":[{"href":"https:\/\/steam-butler.de\/sv\/wp-json\/wp\/v2\/product\/254","targetHints":{"allow":["GET"]}}],"collection":[{"href":"https:\/\/steam-butler.de\/sv\/wp-json\/wp\/v2\/product"}],"about":[{"href":"https:\/\/steam-butler.de\/sv\/wp-json\/wp\/v2\/types\/product"}],"replies":[{"embeddable":true,"href":"https:\/\/steam-butler.de\/sv\/wp-json\/wp\/v2\/comments?post=254"}],"wp:featuredmedia":[{"embeddable":true,"href":"https:\/\/steam-butler.de\/sv\/wp-json\/wp\/v2\/media\/1400"}],"wp:attachment":[{"href":"https:\/\/steam-butler.de\/sv\/wp-json\/wp\/v2\/media?parent=254"}],"wp:term":[{"taxonomy":"product_brand","embeddable":true,"href":"https:\/\/steam-butler.de\/sv\/wp-json\/wp\/v2\/product_brand?post=254"},{"taxonomy":"product_cat","embeddable":true,"href":"https:\/\/steam-butler.de\/sv\/wp-json\/wp\/v2\/product_cat?post=254"},{"taxonomy":"product_tag","embeddable":true,"href":"https:\/\/steam-butler.de\/sv\/wp-json\/wp\/v2\/product_tag?post=254"}],"curies":[{"name":"wp","href":"https:\/\/api.w.org\/{rel}","templated":true}]}}