{"id":466,"date":"2023-02-02T19:20:27","date_gmt":"2023-02-02T18:20:27","guid":{"rendered":"https:\/\/steam-butler.de\/?page_id=466"},"modified":"2023-02-02T20:21:13","modified_gmt":"2023-02-02T19:21:13","slug":"villkor","status":"publish","type":"page","link":"https:\/\/steam-butler.de\/sv\/villkor\/","title":{"rendered":"Villkor"},"content":{"rendered":"<h1>Allm\u00e4nna villkor med kundinformation<\/h1>\n<h2>Inneh\u00e5llsf\u00f6rteckning<\/h2>\n<ol>\n<li>Omfattning<\/li>\n<li>Ing\u00e5ende av avtal<\/li>\n<li>\u00c5ngerr\u00e4tt<\/li>\n<li>Priser och betalningsvillkor<\/li>\n<li>Leverans- och fraktvillkor<\/li>\n<li>\u00c4gander\u00e4ttsf\u00f6rbeh\u00e5ll<\/li>\n<li>Ansvar f\u00f6r fel (garanti)<\/li>\n<li>Ansvar<\/li>\n<li>S\u00e4rskilda villkor f\u00f6r bearbetning av varor enligt specifika kundspecifikationer<\/li>\n<li>S\u00e4rskilda villkor f\u00f6r monterings-\/installationstj\u00e4nster<\/li>\n<li>Till\u00e4mplig lag<\/li>\n<li>Jurisdiktionsort<\/li>\n<li>Alternativ tvistl\u00f6sning<\/li>\n<\/ol>\n<h2>1) Omfattning<\/h2>\n<p><b>1.1<\/b>Dessa allm\u00e4nna villkor (nedan kallade &quot;GTC&quot;) f\u00f6r Outgym GmbH (nedan kallad &quot;S\u00e4ljaren&quot;) g\u00e4ller f\u00f6r alla avtal om leverans av varor som ing\u00e5s mellan en konsument eller n\u00e4ringsidkare (nedan kallad &quot;Kunden&quot;) och S\u00e4ljaren avseende de varor som S\u00e4ljaren presenterar i sin webbutik. Kundens egna villkor \u00e4r h\u00e4rmed uteslutna, om inte annat avtalats.<\/p>\n<p><b>1.2<\/b>Dessa allm\u00e4nna villkor ska till\u00e4mpas i enlighet med detta p\u00e5 avtal om leverans av varor som presenteras i s\u00e4ljarens tryckta katalog, om inte annat uttryckligen avtalats.<\/p>\n<p><b>1.3<\/b>En konsument i den mening som avses i dessa villkor \u00e4r varje fysisk person som ing\u00e5r en r\u00e4ttslig transaktion f\u00f6r syften som huvudsakligen varken \u00e4r kommersiella eller sj\u00e4lvst\u00e4ndigt yrkesm\u00e4ssiga. En n\u00e4ringsidkare i den mening som avses i dessa villkor \u00e4r en fysisk eller juridisk person, eller ett handelsbolag med r\u00e4ttskapacitet, som, n\u00e4r de ing\u00e5r en r\u00e4ttslig transaktion, agerar i ut\u00f6vandet av sin kommersiella eller sj\u00e4lvst\u00e4ndiga yrkesverksamhet.<\/p>\n<h2>2) Ing\u00e5ende av avtal<\/h2>\n<p><b>2.1<\/b>Produktbeskrivningarna i s\u00e4ljarens webbutik utg\u00f6r inte bindande erbjudanden fr\u00e5n s\u00e4ljarens sida, utan tj\u00e4nar till att kunden l\u00e4mnar ett bindande erbjudande.<\/p>\n<p><b>2.2<\/b>Kunden kan l\u00e4mna erbjudandet via online-best\u00e4llningsformul\u00e4ret som \u00e4r integrerat i s\u00e4ljarens webbutik. Efter att ha placerat de valda varorna i den virtuella varukorgen och slutf\u00f6rt den elektroniska best\u00e4llningsprocessen, l\u00e4mnar kunden ett juridiskt bindande avtalsenligt erbjudande f\u00f6r varorna i varukorgen genom att klicka p\u00e5 knappen som slutf\u00f6r best\u00e4llningsprocessen. Dessutom kan kunden ocks\u00e5 l\u00e4mna erbjudandet till s\u00e4ljaren via telefon, fax, e-post, post eller via online-kontaktformul\u00e4ret.<\/p>\n<p><b>2.3<\/b>Vid best\u00e4llning av varor som presenteras i s\u00e4ljarens tryckta katalog kan kunden l\u00e4mna sitt erbjudande till s\u00e4ljaren via telefon, fax, e-post eller vanlig post. F\u00f6r att g\u00f6ra detta kan kunden fylla i best\u00e4llningsformul\u00e4ret som bifogas s\u00e4ljarens tryckta katalog och returnera det till s\u00e4ljaren.<\/p>\n<p><b>2.4<\/b>S\u00e4ljaren kan acceptera kundens erbjudande inom fem dagar,<\/p>\n<ul>\n<li>genom att skicka kunden en skriftlig orderbekr\u00e4ftelse eller en orderbekr\u00e4ftelse i textform (fax eller e-post), varvid kundens mottagande av orderbekr\u00e4ftelsen \u00e4r avg\u00f6rande, eller<\/li>\n<li>genom att leverera de best\u00e4llda varorna till kunden, varvid kundens mottagande av varorna \u00e4r avg\u00f6rande, eller<\/li>\n<li>genom att beg\u00e4ra betalning fr\u00e5n kunden efter att ha lagt sin best\u00e4llning.<\/li>\n<\/ul>\n<p>Om flera av de ovann\u00e4mnda alternativen f\u00f6religger, ing\u00e5s avtalet n\u00e4r ett av de ovann\u00e4mnda alternativen intr\u00e4ffar f\u00f6rst. Fristen f\u00f6r att acceptera erbjudandet b\u00f6rjar dagen efter att erbjudandet skickats av kunden och slutar vid utg\u00e5ngen av den femte dagen efter att erbjudandet avs\u00e4nts. Om s\u00e4ljaren inte accepterar kundens erbjudande inom den ovann\u00e4mnda perioden, ska detta anses som ett avslag p\u00e5 erbjudandet, med f\u00f6ljd att kunden inte l\u00e4ngre \u00e4r bunden av sin avsiktsf\u00f6rklaring.<\/p>\n<p><b>2.5<\/b>Om du v\u00e4ljer en betalningsmetod som erbjuds av PayPal, kommer betalningen att behandlas av betalningstj\u00e4nstleverant\u00f6ren PayPal (Europe) S.\u00e0 rl et Cie, SCA, 22-24 Boulevard Royal, L-2449 Luxemburg (nedan kallad &quot;PayPal&quot;), i enlighet med PayPals anv\u00e4ndarvillkor, tillg\u00e4ngliga p\u00e5 https:\/\/www.paypal.com\/de\/webapps\/mpp\/ua\/useragreement-full eller - om kunden inte har ett PayPal-konto - i enlighet med villkoren f\u00f6r betalningar utan ett PayPal-konto, tillg\u00e4ngliga p\u00e5 https:\/\/www.paypal.com\/de\/webapps\/mpp\/ua\/privacywax-full. Om kunden betalar med en betalningsmetod som erbjuds av PayPal och som kan v\u00e4ljas under onlinebest\u00e4llningsprocessen, f\u00f6rklarar s\u00e4ljaren h\u00e4rmed att kunden accepterar kundens erbjudande n\u00e4r kunden klickar p\u00e5 knappen som slutf\u00f6r best\u00e4llningsprocessen.<\/p>\n<p><b>2.6<\/b>Om betalningsmetoden &quot;Amazon Payments&quot; v\u00e4ljs kommer betalningsbehandlingen att ske via betaltj\u00e4nstleverant\u00f6ren Amazon Payments Europe sca, 38 avenue John F. Kennedy, L-1855 Luxemburg (nedan kallad &quot;Amazon&quot;), i enlighet med Amazon Payments Europes anv\u00e4ndaravtal, som kan l\u00e4sas p\u00e5 https:\/\/payments.amazon.de\/help\/201751590. Om kunden v\u00e4ljer &quot;Amazon Payments&quot; som betalningsmetod under onlinebest\u00e4llningsprocessen, utf\u00e4rdar de samtidigt en betalningsorder till Amazon genom att klicka p\u00e5 knappen som slutf\u00f6r best\u00e4llningsprocessen. I detta fall f\u00f6rklarar s\u00e4ljaren h\u00e4rmed att kunden accepterar kundens erbjudande n\u00e4r kunden initierar betalningsprocessen genom att klicka p\u00e5 knappen som slutf\u00f6r best\u00e4llningsprocessen.<\/p>\n<p><b>2.7<\/b>N\u00e4r ett erbjudande l\u00e4mnas via s\u00e4ljarens online-best\u00e4llningsformul\u00e4r sparas avtalstexten av s\u00e4ljaren efter att avtalet har ing\u00e5tts och skickas till kunden i textform (t.ex. via e-post, fax eller brev) efter att best\u00e4llningen har skickats. S\u00e4ljaren kommer inte att g\u00f6ra avtalstexten tillg\u00e4nglig efter denna tid. Om kunden har skapat ett anv\u00e4ndarkonto i s\u00e4ljarens webbutik innan best\u00e4llningen skickas, arkiveras best\u00e4llningsuppgifterna p\u00e5 s\u00e4ljarens webbplats och kan n\u00e5s kostnadsfritt av kunden via sitt l\u00f6senordsskyddade anv\u00e4ndarkonto genom att ange motsvarande inloggningsuppgifter.<\/p>\n<p><b>2.8<\/b>Innan kunden g\u00f6r en bindande best\u00e4llning via s\u00e4ljarens online-best\u00e4llningsformul\u00e4r kan hen identifiera eventuella inmatningsfel genom att noggrant l\u00e4sa informationen som visas p\u00e5 sk\u00e4rmen. Ett effektivt tekniskt medel f\u00f6r b\u00e4ttre uppt\u00e4ckt av inmatningsfel kan vara webbl\u00e4sarens zoomfunktion, som f\u00f6rstorar visningen p\u00e5 sk\u00e4rmen. Under den elektroniska best\u00e4llningsprocessen kan kunden korrigera sina inmatningar med hj\u00e4lp av vanliga tangentbords- och musfunktioner tills hen klickar p\u00e5 knappen som slutf\u00f6r best\u00e4llningsprocessen.<\/p>\n<p><b>2.9<\/b>Endast tyska spr\u00e5ket \u00e4r tillg\u00e4ngligt f\u00f6r ing\u00e5ende av avtalet.<\/p>\n<p><b>2.10<\/b>Orderhantering och kontakt sker vanligtvis via e-post och automatiserad orderhantering. Kunden m\u00e5ste s\u00e4kerst\u00e4lla att den e-postadress som anges f\u00f6r orderhantering \u00e4r korrekt, s\u00e5 att e-postmeddelanden som skickas av s\u00e4ljaren kan tas emot p\u00e5 denna adress. I synnerhet vid anv\u00e4ndning av skr\u00e4ppostfilter m\u00e5ste kunden s\u00e4kerst\u00e4lla att alla e-postmeddelanden som skickas av s\u00e4ljaren eller tredje part som s\u00e4ljaren anlitat f\u00f6r att behandla best\u00e4llningen kan levereras.<\/p>\n<h2>3) \u00c5ngerr\u00e4tt<\/h2>\n<p><b>3.1<\/b>Konsumenter har generellt sett \u00e5ngerr\u00e4tt.<\/p>\n<p><b>3.2<\/b>Mer information om \u00e5ngerr\u00e4tten finns i s\u00e4ljarens \u00e5ngerr\u00e4tt.<\/p>\n<h2>4) Priser och betalningsvillkor<\/h2>\n<p><b>4.1<\/b>Om inget annat anges i s\u00e4ljarens produktbeskrivning \u00e4r de angivna priserna totalpriser inklusive lagstadgad moms. Eventuella ytterligare leverans- och fraktkostnader anges separat i respektive produktbeskrivning.<\/p>\n<p><b>4.2<\/b>Betalningsalternativet\/-alternativen kommer att meddelas kunden i s\u00e4ljarens webbutik.<\/p>\n<p><b>4.3<\/b>Om f\u00f6rskottsbetalning via bank\u00f6verf\u00f6ring har avtalats, f\u00f6rfaller betalning omedelbart efter avtalets ing\u00e5ende, om inte parterna har avtalat om ett senare f\u00f6rfallodatum.<\/p>\n<p><b>4.4<\/b>Om du v\u00e4ljer att betala via faktura f\u00f6rfaller k\u00f6peskillingen efter att varorna har levererats och fakturerats. I detta fall ska k\u00f6peskillingen betalas utan avdrag inom 7 (sju) dagar fr\u00e5n mottagandet av fakturan, om inte annat avtalats. S\u00e4ljaren f\u00f6rbeh\u00e5ller sig r\u00e4tten att endast erbjuda betalningsmetoden via faktura upp till en viss ordervolym och att avvisa denna betalningsmetod om den angivna ordervolymen \u00f6verskrids. I detta fall kommer s\u00e4ljaren att informera kunden om eventuella motsvarande betalningsrestriktioner i betalningsinformationen i webbutiken.<\/p>\n<h2>5) Leverans- och fraktvillkor<\/h2>\n<p><b>5.1<\/b>Varor levereras till den leveransadress som kunden angett, om inte annat avtalats. Vid best\u00e4llning via s\u00e4ljarens onlineformul\u00e4r \u00e4r den leveransadress som anges i onlineformul\u00e4ret avg\u00f6rande. Undantag: Om PayPal v\u00e4ljs som betalningsmetod \u00e4r den leveransadress som kunden angett till PayPal vid betalningstillf\u00e4llet avg\u00f6rande.<\/p>\n<p><b>5.2<\/b>F\u00f6r varor som levereras med spedition sker leveransen &quot;fritt trottoarkant&quot;, d.v.s. fram till den allm\u00e4nna trottoarkant som ligger n\u00e4rmast leveransadressen, om inte annat anges i leveransinformationen i s\u00e4ljarens webbutik och om inte annat avtalats.<\/p>\n<p><b>5.3<\/b>Om leveransen av varorna misslyckas av sk\u00e4l som kunden ansvarar f\u00f6r, ska kunden b\u00e4ra de rimliga kostnader som s\u00e4ljaren \u00e5drar sig till f\u00f6ljd av detta. Detta g\u00e4ller inte fraktkostnaderna om kunden faktiskt ut\u00f6var sin \u00e5ngerr\u00e4tt. Om kunden faktiskt ut\u00f6var sin \u00e5ngerr\u00e4tt g\u00e4ller best\u00e4mmelserna i s\u00e4ljarens avbokningspolicy f\u00f6r returfraktkostnaderna.<\/p>\n<p><b>5.4<\/b>Om kunden \u00e4r en n\u00e4ringsidkare \u00f6verg\u00e5r risken f\u00f6r oavsiktlig f\u00f6rlust och oavsiktlig f\u00f6rs\u00e4mring av de s\u00e5lda varorna till kunden s\u00e5 snart s\u00e4ljaren har levererat varan till spedit\u00f6ren, transport\u00f6ren eller annan person eller institution som utsetts att utf\u00f6ra transporten. Om kunden \u00e4r en konsument \u00f6verg\u00e5r risken f\u00f6r oavsiktlig f\u00f6rlust och oavsiktlig f\u00f6rs\u00e4mring av de s\u00e5lda varorna i allm\u00e4nhet f\u00f6rst n\u00e4r varorna \u00f6verl\u00e4mnas till kunden eller en person som \u00e4r beh\u00f6rig att ta emot dem. Trots detta \u00f6verg\u00e5r risken f\u00f6r oavsiktlig f\u00f6rlust och oavsiktlig f\u00f6rs\u00e4mring av de s\u00e5lda varorna \u00e4ven till kunden i fr\u00e5ga om konsumenter s\u00e5 snart s\u00e4ljaren har levererat varan till spedit\u00f6ren, transport\u00f6ren eller annan person eller institution som utsetts att utf\u00f6ra transporten, om kunden har uppdragit \u00e5t spedit\u00f6ren, transport\u00f6ren eller annan person eller institution som utsetts att utf\u00f6ra transporten och s\u00e4ljaren inte tidigare har utsett denna person eller institution till kunden.<\/p>\n<p><b>5.5<\/b>S\u00e4ljaren f\u00f6rbeh\u00e5ller sig r\u00e4tten att fr\u00e5ntr\u00e4da avtalet vid felaktig eller otillb\u00f6rlig leverans. Detta g\u00e4ller endast om den utebliven leveransen inte \u00e4r s\u00e4ljarens ansvar och s\u00e4ljaren har ing\u00e5tt en specifik s\u00e4kringstransaktion med leverant\u00f6ren med vederb\u00f6rlig aktsamhet. S\u00e4ljaren kommer att g\u00f6ra alla rimliga anstr\u00e4ngningar f\u00f6r att anskaffa varorna. I h\u00e4ndelse av bristande eller endast delvis tillg\u00e4nglighet av varorna kommer kunden att informeras omedelbart och ers\u00e4ttningen kommer att \u00e5terbetalas omedelbart.<\/p>\n<p><b>5.6<\/b>Kunden m\u00e5ste inom 8 dagar kontrollera de skickade varorna f\u00f6r fullst\u00e4ndighet och skador och omedelbart rapportera eventuella skador. Annars upph\u00f6r r\u00e4tten till ers\u00e4ttning. Uppenbara skador som uppst\u00e5tt under transporten m\u00e5ste anm\u00e4las direkt till transportf\u00f6retaget vid mottagandet av varorna.<\/p>\n<p><b>5.7<\/b>Sj\u00e4lvh\u00e4mtning \u00e4r inte m\u00f6jlig av logistiska sk\u00e4l.<\/p>\n<h2>6) \u00c4gander\u00e4ttsf\u00f6rbeh\u00e5ll<\/h2>\n<p><b>6.1<\/b>S\u00e4ljaren f\u00f6rbeh\u00e5ller sig \u00e4gander\u00e4tten till de levererade varorna tills den utest\u00e5ende k\u00f6peskillingen har betalats i sin helhet.<\/p>\n<p><b>6.2<\/b>S\u00e4ljaren f\u00f6rbeh\u00e5ller sig \u00e4gander\u00e4tten till de levererade varorna tills alla anspr\u00e5k som h\u00e4rr\u00f6r fr\u00e5n en p\u00e5g\u00e5ende aff\u00e4rsrelation har reglerats i sin helhet.<\/p>\n<p><b>6.3<\/b>Om kunden agerar som n\u00e4ringsidkare har denne r\u00e4tt att s\u00e4lja vidare de f\u00f6rbeh\u00e5llna varorna i den l\u00f6pande verksamheten. Kunden \u00f6verl\u00e5ter alla resulterande fordringar mot tredje part till s\u00e4ljaren i f\u00f6rskott, med beloppet av respektive fakturav\u00e4rde (inklusive moms). Denna \u00f6verl\u00e5telse g\u00e4ller oavsett om de f\u00f6rbeh\u00e5llna varorna s\u00e5ldes vidare utan eller efter bearbetning. Kunden har fortfarande r\u00e4tt att driva in fordringarna \u00e4ven efter \u00f6verl\u00e5telsen. S\u00e4ljarens r\u00e4tt att driva in fordringarna p\u00e5verkas inte. S\u00e4ljaren kommer dock inte att driva in fordringarna s\u00e5 l\u00e4nge kunden uppfyller sina betalningsskyldigheter gentemot s\u00e4ljaren, inte f\u00f6rsummar betalning och ingen ans\u00f6kan om inledande av konkursf\u00f6rfarande har l\u00e4mnats in.<\/p>\n<h2>7) Ansvar f\u00f6r fel (garanti)<\/h2>\n<p>Om den k\u00f6pta varan \u00e4r defekt g\u00e4ller det lagstadgade ansvaret f\u00f6r fel. F\u00f6ljande g\u00e4ller:<\/p>\n<p><b>7.1<\/b>Om kunden agerar som entrepren\u00f6r,<\/p>\n<ul>\n<li>s\u00e4ljaren har valet av typ av efterf\u00f6ljande prestation;<\/li>\n<li>F\u00f6r nya varor \u00e4r preskriptionstiden f\u00f6r fel ett \u00e5r fr\u00e5n leverans av varan;<\/li>\n<li>N\u00e4r det g\u00e4ller begagnade varor \u00e4r r\u00e4ttigheter och anspr\u00e5k p\u00e5 grund av fel i allm\u00e4nhet uteslutna;<\/li>\n<li>Preskriptionstiden b\u00f6rjar inte l\u00f6pa p\u00e5 nytt om en ers\u00e4ttningsleverans sker inom ramen f\u00f6r ansvar f\u00f6r fel.<\/li>\n<\/ul>\n<p><b>7.2<\/b>Om kunden \u00e4r konsument g\u00e4ller f\u00f6ljande f\u00f6r begagnade varor, med f\u00f6ljande begr\u00e4nsning: Reklamation p\u00e5 grund av fel \u00e4r utesluten om felet visar sig f\u00f6rst efter ett \u00e5r fr\u00e5n leverans av varan. Fel som uppst\u00e5r inom ett \u00e5r fr\u00e5n leverans av varan kan g\u00f6ras g\u00e4llande inom den lagstadgade preskriptionstiden.<\/p>\n<p><b>7.3<\/b>Ansvarsbegr\u00e4nsningarna och f\u00f6rkortningen av tidsfrister som anges i ovanst\u00e5ende stycken g\u00e4ller inte.<\/p>\n<ul>\n<li>f\u00f6r f\u00f6rem\u00e5l som har anv\u00e4nts f\u00f6r en byggnad i enlighet med sitt vanliga syfte och har orsakat dess bristf\u00e4llighet,<\/li>\n<li>f\u00f6r skadest\u00e5ndsanspr\u00e5k och ers\u00e4ttning f\u00f6r utgifter fr\u00e5n kunden, samt<\/li>\n<li>i h\u00e4ndelse av att s\u00e4ljaren bedr\u00e4gligt har dolt felet.<\/li>\n<\/ul>\n<p><b>7.4<\/b>Dessutom p\u00e5verkas inte de lagstadgade preskriptionstiderna f\u00f6r regresskrav enligt \u00a7 445b i den tyska civillagen (BGB) f\u00f6r n\u00e4ringsidkare.<\/p>\n<p><b>7.5<\/b>Om kunden agerar som handlare i den mening som avses i \u00a7 1 i den tyska handelslagen (HGB), \u00e4r han eller hon skyldig att unders\u00f6ka och anm\u00e4la fel enligt \u00a7 377 i HGB. Om kunden inte uppfyller de anm\u00e4lningsskyldigheter som anges d\u00e4ri, anses varorna vara godk\u00e4nda.<\/p>\n<p><b>7.6<\/b>Om kunden \u00e4r en konsument ombeds de att rapportera alla varor som levererats med uppenbara transportskador till leveransf\u00f6retaget och informera s\u00e4ljaren om detta. Underl\u00e5tenhet att g\u00f6ra detta p\u00e5verkar inte deras lagstadgade eller avtalsenliga anspr\u00e5k p\u00e5 fel.<\/p>\n<h2>8) Ansvar<\/h2>\n<p>S\u00e4ljaren \u00e4r ansvarig gentemot kunden f\u00f6r alla kontraktsm\u00e4ssiga, kvasikontraktuella och lagstadgade anspr\u00e5k, inklusive skadest\u00e5ndsanspr\u00e5k, f\u00f6r skadest\u00e5nd och ers\u00e4ttning f\u00f6r kostnader enligt f\u00f6ljande:<\/p>\n<p><b>8.1<\/b>S\u00e4ljaren \u00e4r ansvarig utan begr\u00e4nsning av alla r\u00e4ttsliga sk\u00e4l.<\/p>\n<ul>\n<li>vid upps\u00e5t eller grov v\u00e5rdsl\u00f6shet,<\/li>\n<li>vid upps\u00e5tlig eller oaktsam skada p\u00e5 liv, kropp eller h\u00e4lsa,<\/li>\n<li>baserat p\u00e5 ett garantil\u00f6fte, om inte annat avtalats,<\/li>\n<li>p\u00e5 grund av obligatoriskt ansvar s\u00e5som enligt produktansvarslagen.<\/li>\n<\/ul>\n<p><b>8.2<\/b>Om s\u00e4ljaren av oaktsamhet bryter mot en v\u00e4sentlig avtalsf\u00f6rpliktelse \u00e4r ansvaret begr\u00e4nsat till typiska, f\u00f6rutsebara skador, s\u00e5vida inte obegr\u00e4nsat ansvar g\u00e4ller enligt ovanst\u00e5ende klausul. V\u00e4sentliga avtalsf\u00f6rpliktelser \u00e4r skyldigheter som avtalet enligt sitt inneh\u00e5ll \u00e5l\u00e4gger s\u00e4ljaren f\u00f6r att uppn\u00e5 avtalets syfte, vars uppfyllande m\u00f6jligg\u00f6r ett korrekt fullg\u00f6rande av avtalet fr\u00e5n f\u00f6rsta b\u00f6rjan, och vars efterlevnad kunden regelm\u00e4ssigt kan f\u00f6rlita sig p\u00e5.<\/p>\n<p><b>8.3<\/b>Annars \u00e4r s\u00e4ljarens ansvar uteslutet.<\/p>\n<p><b>8.4<\/b>Ovanst\u00e5ende ansvarsbest\u00e4mmelser g\u00e4ller \u00e4ven i fr\u00e5ga om s\u00e4ljarens ansvar gentemot hans st\u00e4llf\u00f6retr\u00e4dare och juridiska ombud.<\/p>\n<h2>9) S\u00e4rskilda villkor f\u00f6r bearbetning av varor enligt specifika kundspecifikationer<\/h2>\n<p><b>9.1<\/b>Om s\u00e4ljaren enligt avtalets inneh\u00e5ll \u00e4r skyldig att inte bara leverera varorna utan \u00e4ven bearbeta varorna enligt kundens specifika specifikationer, m\u00e5ste kunden f\u00f6rse s\u00e4ljaren med allt inneh\u00e5ll som kr\u00e4vs f\u00f6r bearbetningen, s\u00e5som text, bilder eller grafik, i de filformat, formateringar, bildstorlekar och filstorlekar som s\u00e4ljaren anger, och bevilja s\u00e4ljaren n\u00f6dv\u00e4ndiga nyttjander\u00e4tter. Kunden \u00e4r ensam ansvarig f\u00f6r anskaffning och f\u00f6rv\u00e4rv av r\u00e4ttigheter till detta inneh\u00e5ll. Kunden f\u00f6rs\u00e4krar och tar ansvar f\u00f6r att s\u00e4kerst\u00e4lla att de har r\u00e4tt att anv\u00e4nda det inneh\u00e5ll som tillhandah\u00e5lls s\u00e4ljaren. De \u00e4r s\u00e4rskilt ansvariga f\u00f6r att s\u00e4kerst\u00e4lla att inga tredje parts r\u00e4ttigheter kr\u00e4nks, s\u00e4rskilt upphovsr\u00e4tt, varum\u00e4rkesr\u00e4ttigheter och personliga r\u00e4ttigheter.<\/p>\n<p><b>9.2<\/b>Kunden h\u00e5ller s\u00e4ljaren skadesl\u00f6s f\u00f6r alla anspr\u00e5k fr\u00e5n tredje part som denne kan g\u00f6ra g\u00e4llande mot s\u00e4ljaren i samband med ett intr\u00e5ng i deras r\u00e4ttigheter genom s\u00e4ljarens avtalsenliga anv\u00e4ndning av kundens inneh\u00e5ll. Kunden st\u00e5r \u00e4ven f\u00f6r rimliga kostnader f\u00f6r n\u00f6dv\u00e4ndigt r\u00e4ttsligt f\u00f6rsvar, inklusive alla domstols- och advokatkostnader enligt lagstadgad taxa. Detta g\u00e4ller inte om kunden inte \u00e4r ansvarig f\u00f6r intr\u00e5nget. Vid anspr\u00e5k fr\u00e5n tredje part \u00e4r kunden skyldig att omedelbart, sanningsenligt och fullst\u00e4ndigt l\u00e4mna s\u00e4ljaren all information som \u00e4r n\u00f6dv\u00e4ndig f\u00f6r pr\u00f6vning av anspr\u00e5ken och f\u00f6r ett f\u00f6rsvar.<\/p>\n<p><b>9.3<\/b>S\u00e4ljaren f\u00f6rbeh\u00e5ller sig r\u00e4tten att v\u00e4gra behandla best\u00e4llningar om inneh\u00e5llet som tillhandah\u00e5lls av kunden bryter mot lagar eller regleringsf\u00f6rbud eller \u00e4r moraliskt okonstitutionellt. Detta g\u00e4ller s\u00e4rskilt inneh\u00e5ll som \u00e4r konstitutionellt okonstitutionellt, rasistiskt, fr\u00e4mlingsfientligt, diskriminerande, kr\u00e4nkande, skadligt f\u00f6r minder\u00e5riga och\/eller glorifierar v\u00e5ld.<\/p>\n<h2>10) S\u00e4rskilda villkor f\u00f6r monterings-\/installationstj\u00e4nster<\/h2>\n<p>Om s\u00e4ljaren enligt avtalets inneh\u00e5ll \u00e4r skyldig att ut\u00f6ver leverans av varorna montera eller installera varorna hos kunden, samt att vidta n\u00f6dv\u00e4ndiga f\u00f6rberedande \u00e5tg\u00e4rder (t.ex. m\u00e4tningar), g\u00e4ller f\u00f6ljande:<\/p>\n<p><b>10.1<\/b>S\u00e4ljaren ska tillhandah\u00e5lla sina tj\u00e4nster, efter eget gottfinnande, antingen personligen eller genom kvalificerad personal som S\u00e4ljaren utsett. S\u00e4ljaren kan ocks\u00e5 anlita tredje part (underleverant\u00f6rer) som arbetar f\u00f6r dennes r\u00e4kning. Om inte annat anges i S\u00e4ljarens tj\u00e4nstebeskrivning har Kunden inte r\u00e4tt att v\u00e4lja en specifik person f\u00f6r att utf\u00f6ra den \u00f6nskade tj\u00e4nsten.<\/p>\n<p><b>10.2<\/b>Kunden ska l\u00e4mna s\u00e4ljaren den information som kr\u00e4vs f\u00f6r att tillhandah\u00e5lla den avsedda tj\u00e4nsten p\u00e5 ett fullst\u00e4ndigt och sanningsenligt s\u00e4tt, s\u00e5vida inte anskaffandet av s\u00e5dan information faller inom s\u00e4ljarens skyldigheter enligt avtalsvillkoren.<\/p>\n<p><b>10.3<\/b>Efter att avtalet har ing\u00e5tts kommer s\u00e4ljaren att kontakta kunden f\u00f6r att \u00f6verenskomma om ett datum f\u00f6r utf\u00f6randet av den avtalade tj\u00e4nsten. Kunden ska se till att s\u00e4ljaren eller den personal som s\u00e4ljaren anlitar har tillg\u00e5ng till kundens lokaler vid den avtalade tiden.<\/p>\n<p><b>10.4<\/b>Risken f\u00f6r oavsiktlig f\u00f6rlust och oavsiktlig f\u00f6rs\u00e4mring av de s\u00e5lda varorna \u00f6verg\u00e5r till kunden f\u00f6rst efter slutf\u00f6randet av monteringsarbetet och \u00f6verl\u00e4mnandet till kunden.<\/p>\n<h2>11) Till\u00e4mplig lag<\/h2>\n<p>Alla r\u00e4ttsf\u00f6rh\u00e5llanden mellan parterna ska regleras av lagarna i F\u00f6rbundsrepubliken Tyskland, exklusive lagarna om internationell k\u00f6p av l\u00f6s\u00f6re. F\u00f6r konsumenter g\u00e4ller detta lagval endast i den utstr\u00e4ckning som det beviljade skyddet inte upph\u00e4vs genom tvingande best\u00e4mmelser i lagen i det land d\u00e4r konsumenten har sin vanliga bos\u00e4ttning.<\/p>\n<h2>12) Jurisdiktionsort<\/h2>\n<p>Om kunden \u00e4r en handlare, en offentligr\u00e4ttslig juridisk person eller en specialfond med s\u00e4te i F\u00f6rbundsrepubliken Tyskland, ska exklusiv jurisdiktion f\u00f6r alla tvister som uppst\u00e5r p\u00e5 grund av detta avtal vara s\u00e4ljarens s\u00e4te. Om kunden \u00e4r baserad utanf\u00f6r F\u00f6rbundsrepubliken Tyskland, ska s\u00e4ljarens s\u00e4te vara exklusiv jurisdiktion f\u00f6r alla tvister som uppst\u00e5r p\u00e5 grund av detta avtal, om avtalet eller anspr\u00e5k som uppst\u00e5r p\u00e5 grund av avtalet kan h\u00e4nf\u00f6ras till kundens yrkesm\u00e4ssiga eller kommersiella verksamhet. I ovanst\u00e5ende fall har s\u00e4ljaren dock r\u00e4tt att i alla fall v\u00e4cka tvisten vid domstol p\u00e5 kundens s\u00e4te.<\/p>\n<h2>13) Alternativ tvistl\u00f6sning<\/h2>\n<p><b>13.1<\/b>EU-kommissionen tillhandah\u00e5ller en plattform f\u00f6r tvistl\u00f6sning online p\u00e5 internet p\u00e5 f\u00f6ljande l\u00e4nk: https:\/\/ec.europa.eu\/consumers\/odr<\/p>\n<p>Denna plattform fungerar som en kontaktpunkt f\u00f6r utomr\u00e4ttslig l\u00f6sning av tvister som uppst\u00e5r vid onlinef\u00f6rs\u00e4ljning eller serviceavtal som involverar en konsument.<\/p>\n<p><b>13.2<\/b>S\u00e4ljaren \u00e4r varken skyldig eller villig att delta i tvistl\u00f6sningsf\u00f6rfaranden inf\u00f6r en konsumentskiljen\u00e4mnd.<\/p>","protected":false},"excerpt":{"rendered":"<p>Allgemeine Gesch\u00e4ftsbedingungen mit Kundeninformationen Inhaltsverzeichnis Geltungsbereich Vertragsschluss Widerrufsrecht Preise und Zahlungsbedingungen Liefer- und Versandbedingungen Eigentumsvorbehalt M\u00e4ngelhaftung (Gew\u00e4hrleistung) Haftung Besondere Bedingungen f\u00fcr die Verarbeitung von Waren nach bestimmten Vorgaben des Kunden Besondere Bedingungen f\u00fcr Montage-\/Einbauleistungen Anwendbares Recht Gerichtsstand Alternative Streitbeilegung 1) Geltungsbereich 1.1\u2009Diese Allgemeinen Gesch\u00e4ftsbedingungen (nachfolgend &#8222;AGB&#8220;) der Outgym GmbH (nachfolgend &#8222;Verk\u00e4ufer&#8220;), gelten f\u00fcr alle Vertr\u00e4ge [&hellip;]<\/p>","protected":false},"author":1,"featured_media":0,"parent":0,"menu_order":0,"comment_status":"closed","ping_status":"closed","template":"fullwidth-page.php","meta":{"_monsterinsights_skip_tracking":false,"_monsterinsights_sitenote_active":false,"_monsterinsights_sitenote_note":"","_monsterinsights_sitenote_category":0,"footnotes":""},"class_list":["post-466","page","type-page","status-publish","hentry"],"jetpack-related-posts":[],"jetpack_sharing_enabled":true,"_links":{"self":[{"href":"https:\/\/steam-butler.de\/sv\/wp-json\/wp\/v2\/pages\/466","targetHints":{"allow":["GET"]}}],"collection":[{"href":"https:\/\/steam-butler.de\/sv\/wp-json\/wp\/v2\/pages"}],"about":[{"href":"https:\/\/steam-butler.de\/sv\/wp-json\/wp\/v2\/types\/page"}],"author":[{"embeddable":true,"href":"https:\/\/steam-butler.de\/sv\/wp-json\/wp\/v2\/users\/1"}],"replies":[{"embeddable":true,"href":"https:\/\/steam-butler.de\/sv\/wp-json\/wp\/v2\/comments?post=466"}],"version-history":[{"count":2,"href":"https:\/\/steam-butler.de\/sv\/wp-json\/wp\/v2\/pages\/466\/revisions"}],"predecessor-version":[{"id":476,"href":"https:\/\/steam-butler.de\/sv\/wp-json\/wp\/v2\/pages\/466\/revisions\/476"}],"wp:attachment":[{"href":"https:\/\/steam-butler.de\/sv\/wp-json\/wp\/v2\/media?parent=466"}],"curies":[{"name":"wp","href":"https:\/\/api.w.org\/{rel}","templated":true}]}}