{"id":254,"date":"2016-07-01T13:39:15","date_gmt":"2016-07-01T11:39:15","guid":{"rendered":"http:\/\/ninetheme.com\/themes\/proland\/?post_type=product&#038;p=254"},"modified":"2025-12-24T18:23:35","modified_gmt":"2025-12-24T17:23:35","slug":"parowy-butler-maxi","status":"publish","type":"product","link":"https:\/\/steam-butler.de\/pl\/sklep\/parowy-butler-maxi\/","title":{"rendered":"Steam Butler Maxi"},"content":{"rendered":"<p>Steam Butler Home zajmie si\u0119 zaparzaniem za Ciebie. Wystarczy nape\u0142ni\u0107 go wod\u0105 do zaparzania i gotowe.<\/p>\n<p>P\u0142ynnie regulowany zaw\u00f3r pozwala samodzielnie kontrolowa\u0107 ilo\u015b\u0107 wody, pozwalaj\u0105c Ci decydowa\u0107, jak cz\u0119sto i jak szybko Steam Butler ma nalewa\u0107 wod\u0119. \u017b\u0105dana ilo\u015b\u0107 wody przep\u0142ywa przez zaw\u00f3r do mechanizmu przechylnego. Je\u015bli urz\u0105dzenie jest prawie pe\u0142ne, nast\u0119puje utrata r\u00f3wnowagi, co powoduje przechylenie si\u0119 mechanizmu przechylnego. Woda z mechanizmu przechylnego sp\u0142ywa teraz na rozgrzane kamienie sauny.<\/p>\n<p>&nbsp;<\/p>\n<p>Steam Butler Home, dzi\u0119ki swojej pojemno\u015bci i rozmiarowi zbiornika, idealnie nadaje si\u0119 do domowej sauny. Je\u015bli Twoja sauna ma piec o mocy powy\u017cej 9 kW, wersja Maxi b\u0119dzie w\u0142a\u015bciwym wyborem.<\/p>\n<p>Oto kilka szczeg\u00f3\u0142\u00f3w:<\/p>\n<ul>\n<li style=\"list-style-type: none;\">\n<ul>\n<li>Pojemno\u015b\u0107 miski na wod\u0119 2,2 litra<\/li>\n<li>Zawarto\u015b\u0107 ok. 150 ml w pojemniku przechylonym<\/li>\n<li>Czas parzenia przy ca\u0142kowicie otwartym zaworze: ok. 9 min (ok. 30 porcji)<\/li>\n<li>Czas infuzji mo\u017cna dostosowa\u0107 do w\u0142asnych potrzeb poprzez regulacj\u0119 zaworu<\/li>\n<\/ul>\n<\/li>\n<\/ul>","protected":false},"excerpt":{"rendered":"<p>Miska na wod\u0119 o pojemno\u015bci 2,2 litra \u2013 idealna do wi\u0119kszych saun<\/p>","protected":false},"featured_media":1400,"comment_status":"open","ping_status":"closed","template":"","meta":{"_monsterinsights_skip_tracking":false,"_monsterinsights_sitenote_active":false,"_monsterinsights_sitenote_note":"","_monsterinsights_sitenote_category":0},"product_brand":[],"product_cat":[23],"product_tag":[],"class_list":{"0":"post-254","1":"product","2":"type-product","3":"status-publish","4":"has-post-thumbnail","6":"product_cat-steam-butler","8":"first","9":"instock","10":"sale","11":"taxable","12":"shipping-taxable","13":"purchasable","14":"product-type-simple"},"jetpack-related-posts":[],"jetpack_sharing_enabled":true,"_links":{"self":[{"href":"https:\/\/steam-butler.de\/pl\/wp-json\/wp\/v2\/product\/254","targetHints":{"allow":["GET"]}}],"collection":[{"href":"https:\/\/steam-butler.de\/pl\/wp-json\/wp\/v2\/product"}],"about":[{"href":"https:\/\/steam-butler.de\/pl\/wp-json\/wp\/v2\/types\/product"}],"replies":[{"embeddable":true,"href":"https:\/\/steam-butler.de\/pl\/wp-json\/wp\/v2\/comments?post=254"}],"wp:featuredmedia":[{"embeddable":true,"href":"https:\/\/steam-butler.de\/pl\/wp-json\/wp\/v2\/media\/1400"}],"wp:attachment":[{"href":"https:\/\/steam-butler.de\/pl\/wp-json\/wp\/v2\/media?parent=254"}],"wp:term":[{"taxonomy":"product_brand","embeddable":true,"href":"https:\/\/steam-butler.de\/pl\/wp-json\/wp\/v2\/product_brand?post=254"},{"taxonomy":"product_cat","embeddable":true,"href":"https:\/\/steam-butler.de\/pl\/wp-json\/wp\/v2\/product_cat?post=254"},{"taxonomy":"product_tag","embeddable":true,"href":"https:\/\/steam-butler.de\/pl\/wp-json\/wp\/v2\/product_tag?post=254"}],"curies":[{"name":"wp","href":"https:\/\/api.w.org\/{rel}","templated":true}]}}