{"id":477,"date":"2023-02-02T20:25:16","date_gmt":"2023-02-02T19:25:16","guid":{"rendered":"https:\/\/steam-butler.de\/?page_id=477"},"modified":"2023-03-03T17:44:28","modified_gmt":"2023-03-03T16:44:28","slug":"zasady-anulowania","status":"publish","type":"page","link":"https:\/\/steam-butler.de\/pl\/zasady-anulowania\/","title":{"rendered":"Zasady anulowania"},"content":{"rendered":"<header class=\"entry-header text-center\">\n<h1 class=\"entry-title\">Prawo odst\u0105pienia od umowy<\/h1>\n<div class=\"is-divider medium\"><\/div>\n<\/header>\n<div class=\"entry-content\">\n<h1>Zasady anulowania i formularz anulowania<\/h1>\n<p>Konsumentom przys\u0142uguje prawo odst\u0105pienia od umowy zgodnie z poni\u017cszymi postanowieniami, przy czym konsumentem jest ka\u017cda osoba fizyczna dokonuj\u0105ca czynno\u015bci prawnej w celach, kt\u00f3re w przewa\u017caj\u0105cej mierze nie mog\u0105 by\u0107 przypisane ani jej dzia\u0142alno\u015bci gospodarczej, ani jej niezale\u017cnej dzia\u0142alno\u015bci zawodowej:<\/p>\n<h2>A. Zasady anulowania<\/h2>\n<h3>Prawo odst\u0105pienia od umowy<\/h3>\n<p>Maj\u0105 Pa\u0144stwo prawo odst\u0105pi\u0107 od niniejszej umowy w terminie czternastu dni bez podania jakiejkolwiek przyczyny.<\/p>\n<p>Termin odst\u0105pienia od umowy wynosi czterna\u015bcie dni od dnia, w kt\u00f3rym weszli Pa\u0144stwo w posiadanie ostatniej z rzeczy lub w kt\u00f3rym osoba trzecia inna ni\u017c przewo\u017anik i wskazana przez Pa\u0144stwa wesz\u0142a w posiadanie ostatniej z rzeczy.<\/p>\n<p>Aby skorzysta\u0107 z prawa odst\u0105pienia od umowy, musz\u0105 Pa\u0144stwo poinformowa\u0107 nas (Outgym GmbH, Bgm.-Georg-Reck-Str. 3, 91336 Heroldsbach, Niemcy, tel.: +49 9190 9958-544, faks: +49 9190 9958-914, e-mail: info@outgym.de) o swojej decyzji o odst\u0105pieniu od niniejszej umowy w drodze jednoznacznego o\u015bwiadczenia (na przyk\u0142ad list wys\u0142any poczt\u0105, faksem lub poczt\u0105 elektroniczn\u0105). Mog\u0105 Pa\u0144stwo skorzysta\u0107 w tym celu z za\u0142\u0105czonego wzoru formularza odst\u0105pienia od umowy, jednak nie jest to obowi\u0105zkowe.<\/p>\n<p>Aby zachowa\u0107 termin odst\u0105pienia od umowy, wystarczy, aby wys\u0142ali Pa\u0144stwo informacj\u0119 dotycz\u0105c\u0105 wykonania przys\u0142uguj\u0105cego Pa\u0144stwu prawa odst\u0105pienia od umowy przed up\u0142ywem terminu odst\u0105pienia od umowy.<\/p>\n<h3>Konsekwencje odwo\u0142ania<\/h3>\n<p>W przypadku odst\u0105pienia od niniejszej umowy zwr\u00f3cimy Pa\u0144stwu wszystkie otrzymane od Pa\u0144stwa p\u0142atno\u015bci, w tym koszty dostarczenia rzeczy (z wyj\u0105tkiem dodatkowych koszt\u00f3w wynikaj\u0105cych z wybranego przez Pa\u0144stwa sposobu dostarczenia innego ni\u017c najta\u0144szy zwyk\u0142y spos\u00f3b dostarczenia oferowany przez nas), niezw\u0142ocznie, a w ka\u017cdym przypadku nie p\u00f3\u017aniej ni\u017c 14 dni od dnia, w kt\u00f3rym zostali\u015bmy poinformowani o Pa\u0144stwa decyzji o odst\u0105pieniu od niniejszej umowy. Zwrotu p\u0142atno\u015bci dokonamy przy u\u017cyciu takich samych sposob\u00f3w p\u0142atno\u015bci, jakie zosta\u0142y przez Pa\u0144stwa u\u017cyte w pierwotnej transakcji, chyba \u017ce wyra\u017anie zgodzili si\u0119 Pa\u0144stwo na inne rozwi\u0105zanie; w \u017cadnym wypadku nie ponios\u0105 Pa\u0144stwo \u017cadnych op\u0142at w zwi\u0105zku z tym zwrotem. Mo\u017cemy wstrzyma\u0107 si\u0119 ze zwrotem p\u0142atno\u015bci do czasu otrzymania rzeczy lub do czasu dostarczenia nam dowodu jej odes\u0142ania, w zale\u017cno\u015bci od tego, kt\u00f3re zdarzenie nast\u0105pi wcze\u015bniej.<\/p>\n<p>Musisz odes\u0142a\u0107 lub przekaza\u0107 nam towar niezw\u0142ocznie, a w ka\u017cdym razie nie p\u00f3\u017aniej ni\u017c czterna\u015bcie dni od dnia, w kt\u00f3rym poinformowa\u0142e\u015b nas o odst\u0105pieniu od niniejszej umowy. Termin jest zachowany, je\u017celi ode\u015bl\u0105 Pa\u0144stwo towar przed up\u0142ywem terminu czternastu dni.<\/p>\n<p>B\u0119d\u0105 Pa\u0144stwo musieli ponie\u015b\u0107 bezpo\u015brednie koszty zwrotu towaru.<\/p>\n<p>Odpowiadaj\u0105 Pa\u0144stwo tylko za ewentualn\u0105 utrat\u0119 warto\u015bci towaru, kt\u00f3ra nast\u0105pi\u0142a w wyniku korzystania z towaru w spos\u00f3b inny ni\u017c by\u0142o to konieczne do stwierdzenia charakteru, cech i funkcjonowania towaru.<\/p>\n<h3>Wy\u0142\u0105czenie lub przedwczesne wyga\u015bni\u0119cie prawa odst\u0105pienia od umowy<\/h3>\n<p>Prawo odst\u0105pienia od umowy nie przys\u0142uguje w przypadku um\u00f3w, w kt\u00f3rych przedmiotem \u015bwiadczenia jest rzecz nieprefabrykowana, wyprodukowana wed\u0142ug specyfikacji konsumenta lub s\u0142u\u017c\u0105ca zaspokojeniu jego zindywidualizowanych potrzeb.<\/p>\n<h3>Informacje og\u00f3lne<\/h3>\n<p>1) Prosimy unika\u0107 uszkodze\u0144 i zanieczyszcze\u0144 towaru. Prosimy o odes\u0142anie towaru w oryginalnym opakowaniu, wraz ze wszystkimi akcesoriami i elementami opakowania. W razie potrzeby prosimy o u\u017cycie ochronnego opakowania zewn\u0119trznego. Je\u015bli nie posiadaj\u0105 Pa\u0144stwo oryginalnego opakowania, prosimy o u\u017cycie odpowiedniego opakowania, aby odpowiednio zabezpieczy\u0107 towar przed uszkodzeniami podczas transportu.<br \/>\n2) Prosimy nie odsy\u0142a\u0107 towaru za pobraniem.<br \/>\n3) Nale\u017cy pami\u0119ta\u0107, \u017ce wskazane powy\u017cej punkty 1-2 nie s\u0105 warunkiem koniecznym do skutecznego wykonania prawa odst\u0105pienia od umowy.<\/p>\n<h2>B. Formularz odst\u0105pienia od umowy<\/h2>\n<p>Je\u015bli chcesz odst\u0105pi\u0107 od umowy, wype\u0142nij ten formularz i ode\u015blij go.<\/p>\n<p>Do<\/p>\n<p>Outgym GmbH<br \/>\nBgm.-Georg-Reck-Str. 3<br \/>\n91336 Heroldsbach<br \/>\nNiemcy<br \/>\nFaks: 09190 \/ 9958-914<br \/>\nAdres e-mail: info@outgym.de<\/p>\n<p>Niniejszym odst\u0119puj\u0119\/odst\u0119pujemy (*) od zawartej przeze mnie\/nas (*) umowy kupna nast\u0119puj\u0105cych towar\u00f3w (*)\/o \u015bwiadczenie nast\u0119puj\u0105cej us\u0142ugi (*)<\/p>\n<p>_______________________________________________________<\/p>\n<p>_______________________________________________________<\/p>\n<p>Zam\u00f3wiono dnia (*) ____________ \/ otrzymano dnia (*) __________________<\/p>\n<p>________________________________________________________<br \/>\nImi\u0119 i nazwisko konsumenta(-\u00f3w)<\/p>\n<p>________________________________________________________<br \/>\nAdres konsumenta(\u00f3w)<\/p>\n<p>________________________________________________________<br \/>\nPodpis konsumenta(-\u00f3w) (tylko w przypadku, gdy powiadomienie jest sk\u0142adane w formie papierowej)<\/p>\n<p>_________________________<br \/>\nData<\/p>\n<p>(*) Niepotrzebne skre\u015bli\u0107<\/p>\n<\/div>","protected":false},"excerpt":{"rendered":"<p>Widerrufsrecht Widerrufsbelehrung &amp; Widerrufsformular Verbrauchern steht ein Widerrufsrecht nach folgender Ma\u00dfgabe zu, wobei Verbraucher jede nat\u00fcrliche Person ist, die ein Rechtsgesch\u00e4ft zu Zwecken abschlie\u00dft, die \u00fcberwiegend weder ihrer gewerblichen noch ihrer selbst\u00e4ndigen beruflichen T\u00e4tigkeit zugerechnet werden k\u00f6nnen: A. Widerrufsbelehrung Widerrufsrecht Sie haben das Recht, binnen vierzehn Tagen ohne Angabe von Gr\u00fcnden diesen Vertrag zu widerrufen. [&hellip;]<\/p>","protected":false},"author":1,"featured_media":0,"parent":0,"menu_order":0,"comment_status":"closed","ping_status":"closed","template":"fullwidth-page.php","meta":{"_monsterinsights_skip_tracking":false,"_monsterinsights_sitenote_active":false,"_monsterinsights_sitenote_note":"","_monsterinsights_sitenote_category":0,"footnotes":""},"class_list":["post-477","page","type-page","status-publish","hentry"],"jetpack-related-posts":[],"jetpack_sharing_enabled":true,"_links":{"self":[{"href":"https:\/\/steam-butler.de\/pl\/wp-json\/wp\/v2\/pages\/477","targetHints":{"allow":["GET"]}}],"collection":[{"href":"https:\/\/steam-butler.de\/pl\/wp-json\/wp\/v2\/pages"}],"about":[{"href":"https:\/\/steam-butler.de\/pl\/wp-json\/wp\/v2\/types\/page"}],"author":[{"embeddable":true,"href":"https:\/\/steam-butler.de\/pl\/wp-json\/wp\/v2\/users\/1"}],"replies":[{"embeddable":true,"href":"https:\/\/steam-butler.de\/pl\/wp-json\/wp\/v2\/comments?post=477"}],"version-history":[{"count":1,"href":"https:\/\/steam-butler.de\/pl\/wp-json\/wp\/v2\/pages\/477\/revisions"}],"predecessor-version":[{"id":478,"href":"https:\/\/steam-butler.de\/pl\/wp-json\/wp\/v2\/pages\/477\/revisions\/478"}],"wp:attachment":[{"href":"https:\/\/steam-butler.de\/pl\/wp-json\/wp\/v2\/media?parent=477"}],"curies":[{"name":"wp","href":"https:\/\/api.w.org\/{rel}","templated":true}]}}