{"id":463,"date":"2023-02-02T19:09:36","date_gmt":"2023-02-02T18:09:36","guid":{"rendered":"https:\/\/steam-butler.de\/?page_id=463"},"modified":"2023-03-03T17:43:50","modified_gmt":"2023-03-03T16:43:50","slug":"odcisk","status":"publish","type":"page","link":"https:\/\/steam-butler.de\/pl\/odcisk\/","title":{"rendered":"odcisk"},"content":{"rendered":"<p>Outgym GmbH<br \/>\nBgm.-Georg-Reck-Str. 3<br \/>\n91336 Heroldsbach<br \/>\nNiemcy<\/p>\n<p>Telefon: 09190 \/ 9958-544<br \/>\nFaks: 09190 \/ 9958-914<br \/>\nAdres e-mail: info@outgym.de<\/p>\n<p>S\u0105d rejestrowy: S\u0105d Rejonowy w Bambergu<br \/>\nNumer rejestracyjny: HRB 10384<\/p>\n<p>Dyrektor zarz\u0105dzaj\u0105cy: Michael Meindl<\/p>\n<p>Numer identyfikacyjny VAT zgodnie z art. 27a ustawy o podatku od sprzeda\u017cy: DE344141760<\/p>\n<p>Platforma Komisji Europejskiej do internetowego rozstrzygania spor\u00f3w:&nbsp;<a href=\"https:\/\/ec.europa.eu\/odr\" target=\"_blank\" rel=\"noopener\">https:\/\/ec.europa.eu\/odr<\/a><\/p>\n<p>Nie jeste\u015bmy zobowi\u0105zani i nie chcemy uczestniczy\u0107 w post\u0119powaniu rozstrzygaj\u0105cym spory przed konsumenck\u0105 rad\u0105 arbitra\u017cow\u0105.<\/p>\n<p>Osoba odpowiedzialna w rozumieniu \u00a7 18 ust. 2 MStV:<br \/>\nMicahel Meindl, burmistrz-Georg-Reck-Str. 3, 91336 Heroldsbach<\/p>\n<p>Zdj\u0119cia i teksty u\u017cyte w przypadku urz\u0105dze\u0144, kt\u00f3rych producentem nie jest Trimm-Dich-Pfad.com, s\u0105 w\u0142asno\u015bci\u0105 poszczeg\u00f3lnych producent\u00f3w i zosta\u0142y nam udost\u0119pnione.<\/p>\n<p>\u0179r\u00f3d\u0142o wykorzystanych zdj\u0119\u0107 stockowych: Fotolia.de \/ Bigstockphoto.com<br \/>\n<div class=\"woocommerce woocommerce-gzd woocommerce-gzd-complaints-shortcode\">\n\t\t\t<h3>Alternative Dispute Resolution in accordance with Art. 14 (1) ODR-VO and \u00a7 36 VSBG:<\/h3>\n\t\nNie jeste\u015bmy zobowi\u0105zani i nie chcemy uczestniczy\u0107 w post\u0119powaniu rozstrzygaj\u0105cym spory przed konsumenck\u0105 rad\u0105 arbitra\u017cow\u0105.<\/div>","protected":false},"excerpt":{"rendered":"<p>Outgym GmbH Bgm.-Georg-Reck-Str. 3 91336 Heroldsbach Deutschland Tel.: 09190 \/ 9958-544 Fax: 09190 \/ 9958-914 E-Mail: info@outgym.de Registergericht: Amtsgericht Bamberg Registernummer: HRB 10384 Gesch\u00e4ftsf\u00fchrer: Michael Meindl Umsatzsteuer-Identifikationsnummer gem\u00e4\u00df \u00a7 27 a Umsatzsteuergesetz: DE344141760 Plattform der EU-Kommission zur Online-Streitbeilegung:&nbsp;https:\/\/ec.europa.eu\/odr Wir sind zur Teilnahme an einem Streitbeilegungsverfahren vor einer Verbraucherschlichtungsstelle weder verpflichtet noch bereit. Verantwortliche\/r i.S.d. \u00a7 [&hellip;]<\/p>","protected":false},"author":1,"featured_media":0,"parent":0,"menu_order":0,"comment_status":"closed","ping_status":"closed","template":"fullwidth-page.php","meta":{"_monsterinsights_skip_tracking":false,"_monsterinsights_sitenote_active":false,"_monsterinsights_sitenote_note":"","_monsterinsights_sitenote_category":0,"footnotes":""},"class_list":["post-463","page","type-page","status-publish","hentry"],"jetpack-related-posts":[],"jetpack_sharing_enabled":true,"_links":{"self":[{"href":"https:\/\/steam-butler.de\/pl\/wp-json\/wp\/v2\/pages\/463","targetHints":{"allow":["GET"]}}],"collection":[{"href":"https:\/\/steam-butler.de\/pl\/wp-json\/wp\/v2\/pages"}],"about":[{"href":"https:\/\/steam-butler.de\/pl\/wp-json\/wp\/v2\/types\/page"}],"author":[{"embeddable":true,"href":"https:\/\/steam-butler.de\/pl\/wp-json\/wp\/v2\/users\/1"}],"replies":[{"embeddable":true,"href":"https:\/\/steam-butler.de\/pl\/wp-json\/wp\/v2\/comments?post=463"}],"version-history":[{"count":3,"href":"https:\/\/steam-butler.de\/pl\/wp-json\/wp\/v2\/pages\/463\/revisions"}],"predecessor-version":[{"id":518,"href":"https:\/\/steam-butler.de\/pl\/wp-json\/wp\/v2\/pages\/463\/revisions\/518"}],"wp:attachment":[{"href":"https:\/\/steam-butler.de\/pl\/wp-json\/wp\/v2\/media?parent=463"}],"curies":[{"name":"wp","href":"https:\/\/api.w.org\/{rel}","templated":true}]}}