{"id":502,"date":"2023-02-02T21:03:06","date_gmt":"2023-02-02T20:03:06","guid":{"rendered":"https:\/\/steam-butler.de\/versandarten\/"},"modified":"2023-11-05T08:58:03","modified_gmt":"2023-11-05T07:58:03","slug":"versandarten","status":"publish","type":"page","link":"https:\/\/steam-butler.de\/nl\/versandarten\/","title":{"rendered":"Verzendmethoden"},"content":{"rendered":"<h3>Versandkosten Deutschland:<\/h3>\n<p>Die Waren werden mit dem Transportdienstleister Hermes ausgeliefert.<\/p>\n<p>Die Versandkostenpauschale betr\u00e4gt 4,95 Euro<\/p>\n<p>&nbsp;<\/p>\n<h3>Versandkosten EU<\/h3>\n<p>Es kann ich folgenden L\u00e4ndern geliefert werden:<\/p>\n<p>Belgien, Bulgarien, D\u00e4nemark (au\u00dfer Gr\u00f6nland, F\u00e4r\u00f6er), Estland, Finnland (au\u00dfer Aland), Frankreich (au\u00dfer \u00dcberseegebiete), Italien (au\u00dfer Livigno, Vatikanstadt, San Marino), Kroatien, Lettland, Litauen, Luxemburg, Monaco, Niederlande (au\u00dfer \u00dcberseegebiete), \u00d6sterreich, Polen, Portugal (au\u00dfer Azoren, Madeira), Rum\u00e4nien, Schweden, Slowakei, Slowenien, Spanien (au\u00dfer Ceuta, El Hierro, Fuerteventura, Gran Canaria, La Gomera, Lanzarote, La Palma, Melilla, Teneriffa), Tschechische Republik, Ungarn<\/p>\n<p>Die Waren werden mit dem Transportdienstleister Hermes ausgeliefert.<\/p>\n<p>Die Versandkostenpauschale betr\u00e4gt 14,95 Euro<\/p>\n<p>&nbsp;<\/p>\n<h3 style=\"text-align: center;\"><strong>Ab 150 Euro Warenwert liefern wir kostenlos!<\/strong><\/h3>","protected":false},"excerpt":{"rendered":"<p>Versandkosten Deutschland: Die Waren werden mit dem Transportdienstleister Hermes ausgeliefert. Die Versandkostenpauschale betr\u00e4gt 4,95 Euro &nbsp; Versandkosten EU Es kann ich folgenden L\u00e4ndern geliefert werden: Belgien, Bulgarien, D\u00e4nemark (au\u00dfer Gr\u00f6nland, F\u00e4r\u00f6er), Estland, Finnland (au\u00dfer Aland), Frankreich (au\u00dfer \u00dcberseegebiete), Italien (au\u00dfer Livigno, Vatikanstadt, San Marino), Kroatien, Lettland, Litauen, Luxemburg, Monaco, Niederlande (au\u00dfer \u00dcberseegebiete), \u00d6sterreich, Polen, Portugal [&hellip;]<\/p>","protected":false},"author":1,"featured_media":0,"parent":0,"menu_order":0,"comment_status":"closed","ping_status":"closed","template":"fullwidth-page.php","meta":{"_monsterinsights_skip_tracking":false,"_monsterinsights_sitenote_active":false,"_monsterinsights_sitenote_note":"","_monsterinsights_sitenote_category":0,"footnotes":""},"class_list":["post-502","page","type-page","status-publish","hentry"],"jetpack-related-posts":[],"jetpack_sharing_enabled":true,"_links":{"self":[{"href":"https:\/\/steam-butler.de\/nl\/wp-json\/wp\/v2\/pages\/502","targetHints":{"allow":["GET"]}}],"collection":[{"href":"https:\/\/steam-butler.de\/nl\/wp-json\/wp\/v2\/pages"}],"about":[{"href":"https:\/\/steam-butler.de\/nl\/wp-json\/wp\/v2\/types\/page"}],"author":[{"embeddable":true,"href":"https:\/\/steam-butler.de\/nl\/wp-json\/wp\/v2\/users\/1"}],"replies":[{"embeddable":true,"href":"https:\/\/steam-butler.de\/nl\/wp-json\/wp\/v2\/comments?post=502"}],"version-history":[{"count":2,"href":"https:\/\/steam-butler.de\/nl\/wp-json\/wp\/v2\/pages\/502\/revisions"}],"predecessor-version":[{"id":776,"href":"https:\/\/steam-butler.de\/nl\/wp-json\/wp\/v2\/pages\/502\/revisions\/776"}],"wp:attachment":[{"href":"https:\/\/steam-butler.de\/nl\/wp-json\/wp\/v2\/media?parent=502"}],"curies":[{"name":"wp","href":"https:\/\/api.w.org\/{rel}","templated":true}]}}