{"id":254,"date":"2016-07-01T13:39:15","date_gmt":"2016-07-01T11:39:15","guid":{"rendered":"http:\/\/ninetheme.com\/themes\/proland\/?post_type=product&#038;p=254"},"modified":"2025-12-24T18:23:35","modified_gmt":"2025-12-24T17:23:35","slug":"maggiordomo-a-vapore-maxi","status":"publish","type":"product","link":"https:\/\/steam-butler.de\/it\/negozio\/maggiordomo-a-vapore-maxi\/","title":{"rendered":"Steam Butler Maxi"},"content":{"rendered":"<p>Steam Butler Home si occupa dell&#039;infusione per te. Basta riempirlo con acqua per l&#039;infusione e sei pronto per iniziare.<\/p>\n<p>La valvola a regolazione continua consente di controllare autonomamente la quantit\u00e0 d&#039;acqua, decidendo con quale frequenza e velocit\u00e0 Steam Butler deve erogare l&#039;acqua. La quantit\u00e0 d&#039;acqua desiderata scorre attraverso la valvola nel dispositivo di inclinazione. Se il dispositivo \u00e8 quasi pieno, si verifica uno sbilanciamento che causa il ribaltamento del contenitore. L&#039;acqua del contenitore di inclinazione scorre ora sulle pietre calde della sauna.<\/p>\n<p>&nbsp;<\/p>\n<p>Steam Butler Home, con il suo volume e le dimensioni del contenitore, \u00e8 progettato perfettamente per la tua sauna domestica. Se la tua sauna ha una stufa di potenza superiore a 9 kW, la versione Maxi \u00e8 la scelta giusta.<\/p>\n<p>Ecco alcuni dettagli:<\/p>\n<ul>\n<li style=\"list-style-type: none;\">\n<ul>\n<li>Capacit\u00e0 della ciotola dell&#039;acqua di 2,2 litri<\/li>\n<li>Contenuto di circa 150 ml nel contenitore basculante<\/li>\n<li>Tempo di infusione con valvola completamente aperta: circa 9 min (circa 30 erogazioni)<\/li>\n<li>Il tempo di infusione pu\u00f2 essere regolato in base alle proprie esigenze regolando la valvola<\/li>\n<\/ul>\n<\/li>\n<\/ul>","protected":false},"excerpt":{"rendered":"<p>Ciotola per l&#039;acqua da 2,2 litri: perfetta per le saune pi\u00f9 grandi<\/p>","protected":false},"featured_media":1400,"comment_status":"open","ping_status":"closed","template":"","meta":{"_monsterinsights_skip_tracking":false,"_monsterinsights_sitenote_active":false,"_monsterinsights_sitenote_note":"","_monsterinsights_sitenote_category":0},"product_brand":[],"product_cat":[23],"product_tag":[],"class_list":{"0":"post-254","1":"product","2":"type-product","3":"status-publish","4":"has-post-thumbnail","6":"product_cat-steam-butler","8":"first","9":"instock","10":"sale","11":"taxable","12":"shipping-taxable","13":"purchasable","14":"product-type-simple"},"jetpack-related-posts":[],"jetpack_sharing_enabled":true,"_links":{"self":[{"href":"https:\/\/steam-butler.de\/it\/wp-json\/wp\/v2\/product\/254","targetHints":{"allow":["GET"]}}],"collection":[{"href":"https:\/\/steam-butler.de\/it\/wp-json\/wp\/v2\/product"}],"about":[{"href":"https:\/\/steam-butler.de\/it\/wp-json\/wp\/v2\/types\/product"}],"replies":[{"embeddable":true,"href":"https:\/\/steam-butler.de\/it\/wp-json\/wp\/v2\/comments?post=254"}],"wp:featuredmedia":[{"embeddable":true,"href":"https:\/\/steam-butler.de\/it\/wp-json\/wp\/v2\/media\/1400"}],"wp:attachment":[{"href":"https:\/\/steam-butler.de\/it\/wp-json\/wp\/v2\/media?parent=254"}],"wp:term":[{"taxonomy":"product_brand","embeddable":true,"href":"https:\/\/steam-butler.de\/it\/wp-json\/wp\/v2\/product_brand?post=254"},{"taxonomy":"product_cat","embeddable":true,"href":"https:\/\/steam-butler.de\/it\/wp-json\/wp\/v2\/product_cat?post=254"},{"taxonomy":"product_tag","embeddable":true,"href":"https:\/\/steam-butler.de\/it\/wp-json\/wp\/v2\/product_tag?post=254"}],"curies":[{"name":"wp","href":"https:\/\/api.w.org\/{rel}","templated":true}]}}