{"id":253,"date":"2016-07-01T13:38:03","date_gmt":"2016-07-01T13:38:03","guid":{"rendered":"http:\/\/ninetheme.com\/themes\/proland\/?post_type=product&#038;p=253"},"modified":"2026-01-09T10:23:45","modified_gmt":"2026-01-09T09:23:45","slug":"maggiordomo-di-vapore-a-casa","status":"publish","type":"product","link":"https:\/\/steam-butler.de\/it\/negozio\/maggiordomo-di-vapore-a-casa\/","title":{"rendered":"Casa del maggiordomo di vapore"},"content":{"rendered":"<p>Steam Butler Home si occupa dell&#039;infusione per te. Basta riempirlo con acqua per l&#039;infusione e sei pronto per iniziare.<\/p>\n<p>La valvola a regolazione continua consente di controllare autonomamente la quantit\u00e0 d&#039;acqua, decidendo con quale frequenza e velocit\u00e0 Steam Butler deve erogare l&#039;acqua. La quantit\u00e0 d&#039;acqua desiderata scorre attraverso la valvola nel dispositivo di inclinazione. Se il dispositivo \u00e8 quasi pieno, si verifica uno sbilanciamento che causa il ribaltamento del contenitore. L&#039;acqua del contenitore di inclinazione scorre ora sulle pietre calde della sauna.<\/p>\n<p>&nbsp;<\/p>\n<p>&nbsp;<\/p>\n<p>Der Steam-Butler Home ist mit dem Volumen und Gr\u00f6\u00dfe der Beh\u00e4lter perfekt f\u00fcr die heimische Sauna ausgelegt. Wenn Ihre Sauna einen Saunaofen bis 9KW hat, ist die Home Variante die richtige Wahl.<\/p>\n<p>Ecco alcuni dettagli:<\/p>\n<ul>\n<li>1,2 Liter Fassungsverm\u00f6gen der Wasserschale<\/li>\n<li>Ca. 100ml Inhalt im Kippbeh\u00e4lter<\/li>\n<li>Aufgu\u00dfzeit bei voll ge\u00f6ffneten Ventil: Ca.7 min (Ca. 17x aufgie\u00dfen)<\/li>\n<li>Il tempo di infusione pu\u00f2 essere regolato in base alle proprie esigenze regolando la valvola<\/li>\n<\/ul>","protected":false},"excerpt":{"rendered":"<p>Ciotola per l&#039;acqua da 1,2 litri: perfetta per la tua sauna domestica!<\/p>","protected":false},"featured_media":1399,"comment_status":"open","ping_status":"closed","template":"","meta":{"_monsterinsights_skip_tracking":false,"_monsterinsights_sitenote_active":false,"_monsterinsights_sitenote_note":"","_monsterinsights_sitenote_category":0},"product_brand":[],"product_cat":[23],"product_tag":[22],"class_list":{"0":"post-253","1":"product","2":"type-product","3":"status-publish","4":"has-post-thumbnail","6":"product_cat-steam-butler","7":"product_tag-smart","9":"first","10":"instock","11":"sale","12":"taxable","13":"shipping-taxable","14":"purchasable","15":"product-type-simple"},"jetpack-related-posts":[],"jetpack_sharing_enabled":true,"_links":{"self":[{"href":"https:\/\/steam-butler.de\/it\/wp-json\/wp\/v2\/product\/253","targetHints":{"allow":["GET"]}}],"collection":[{"href":"https:\/\/steam-butler.de\/it\/wp-json\/wp\/v2\/product"}],"about":[{"href":"https:\/\/steam-butler.de\/it\/wp-json\/wp\/v2\/types\/product"}],"replies":[{"embeddable":true,"href":"https:\/\/steam-butler.de\/it\/wp-json\/wp\/v2\/comments?post=253"}],"wp:featuredmedia":[{"embeddable":true,"href":"https:\/\/steam-butler.de\/it\/wp-json\/wp\/v2\/media\/1399"}],"wp:attachment":[{"href":"https:\/\/steam-butler.de\/it\/wp-json\/wp\/v2\/media?parent=253"}],"wp:term":[{"taxonomy":"product_brand","embeddable":true,"href":"https:\/\/steam-butler.de\/it\/wp-json\/wp\/v2\/product_brand?post=253"},{"taxonomy":"product_cat","embeddable":true,"href":"https:\/\/steam-butler.de\/it\/wp-json\/wp\/v2\/product_cat?post=253"},{"taxonomy":"product_tag","embeddable":true,"href":"https:\/\/steam-butler.de\/it\/wp-json\/wp\/v2\/product_tag?post=253"}],"curies":[{"name":"wp","href":"https:\/\/api.w.org\/{rel}","templated":true}]}}