{"id":477,"date":"2023-02-02T20:25:16","date_gmt":"2023-02-02T19:25:16","guid":{"rendered":"https:\/\/steam-butler.de\/?page_id=477"},"modified":"2023-03-03T17:44:28","modified_gmt":"2023-03-03T16:44:28","slug":"politica-di-cancellazione","status":"publish","type":"page","link":"https:\/\/steam-butler.de\/it\/politica-di-cancellazione\/","title":{"rendered":"Politica di cancellazione"},"content":{"rendered":"<header class=\"entry-header text-center\">\n<h1 class=\"entry-title\">Diritto di recesso<\/h1>\n<div class=\"is-divider medium\"><\/div>\n<\/header>\n<div class=\"entry-content\">\n<h1>Politica di cancellazione e modulo di cancellazione<\/h1>\n<p>I consumatori hanno diritto di recesso in base alle seguenti disposizioni, secondo cui il consumatore \u00e8 qualsiasi persona fisica che conclude un negozio giuridico per scopi che non possono essere prevalentemente attribuiti n\u00e9 alla sua attivit\u00e0 commerciale n\u00e9 alla sua attivit\u00e0 professionale autonoma:<\/p>\n<h2>A. Politica di cancellazione<\/h2>\n<h3>Diritto di recesso<\/h3>\n<p>Lei ha il diritto di recedere dal presente contratto entro quattordici giorni senza indicarne le ragioni.<\/p>\n<p>Il termine di recesso \u00e8 di quattordici giorni a partire dal giorno in cui Lei o un terzo da Lei designato, diverso dal vettore, acquisisce il possesso fisico dell&#039;ultimo bene.<\/p>\n<p>Per esercitare il diritto di recesso, \u00e8 necessario informarci (Outgym GmbH, Bgm.-Georg-Reck-Str. 3, 91336 Heroldsbach, Germania, Tel.: +49 9190 9958-544, Fax: +49 9190 9958-914, Email: info@outgym.de) della decisione di recedere dal presente contratto tramite una dichiarazione esplicita (ad esempio lettera inviata per posta, fax o posta elettronica). A tale scopo \u00e8 possibile utilizzare il modulo tipo di recesso allegato, ma non \u00e8 obbligatorio.<\/p>\n<p>Per rispettare il termine di recesso \u00e8 sufficiente che tu invii la comunicazione relativa all&#039;esercizio del diritto di recesso prima della scadenza del periodo di recesso.<\/p>\n<h3>Conseguenze della revoca<\/h3>\n<p>Se recedi dal presente contratto, ti rimborseremo tutti i pagamenti che abbiamo ricevuto da te, comprese le spese di consegna (ad eccezione dei costi supplementari derivanti dalla tua eventuale scelta di un metodo di consegna diverso dal metodo di consegna standard pi\u00f9 economico da noi offerto), tempestivamente e al pi\u00f9 tardi entro quattordici giorni dal giorno in cui siamo informati della tua decisione di recedere dal presente contratto. Per questo rimborso, utilizzeremo lo stesso mezzo di pagamento da te utilizzato per la transazione originale, salvo diverso accordo espresso; in nessun caso ti saranno addebitati costi per questo rimborso. Potremmo rifiutarci di effettuare il rimborso fino al ricevimento della merce restituita o fino a quando non avrai fornito la prova di aver rispedito la merce, a seconda di quale evento si verifichi per primo.<\/p>\n<p>\u00c8 necessario restituire o consegnare i beni tempestivamente e in ogni caso entro quattordici giorni dalla data in cui ci \u00e8 stata comunicata la revoca del presente contratto. Tale termine \u00e8 rispettato se si rispedisce la merce prima della scadenza del periodo di quattordici giorni.<\/p>\n<p>I costi diretti della restituzione dei beni saranno a tuo carico.<\/p>\n<p>Dovrai pagare l&#039;eventuale perdita di valore della merce solo se tale perdita di valore \u00e8 dovuta a una manipolazione della merce non necessaria per verificarne la qualit\u00e0, le propriet\u00e0 e il funzionamento.<\/p>\n<h3>Esclusione o decadenza anticipata del diritto di recesso<\/h3>\n<p>Il diritto di recesso non si applica ai contratti di fornitura di beni non prefabbricati e per la cui produzione \u00e8 determinante una scelta o determinazione individuale da parte del consumatore o che sono chiaramente adattati alle esigenze personali del consumatore.<\/p>\n<h3>informazioni generali<\/h3>\n<p>1) Si prega di evitare danni o contaminazioni della merce. Si prega di restituirci la merce nella sua confezione originale, inclusi tutti gli accessori e i componenti dell&#039;imballaggio. Se necessario, utilizzare un imballaggio esterno protettivo. Se non si dispone pi\u00f9 della confezione originale, assicurarsi di utilizzare un imballaggio adeguato per proteggere adeguatamente la merce da danni dovuti al trasporto.<br \/>\n2) Si prega di non restituirci la merce con spedizione a carico del destinatario.<br \/>\n3) Si precisa che i punti 1-2 sopra menzionati non costituiscono presupposto per l&#039;effettivo esercizio del diritto di recesso.<\/p>\n<h2>B. Modulo di recesso<\/h2>\n<p>Se desideri recedere dal contratto, compila questo modulo e restituiscilo.<\/p>\n<p>A<\/p>\n<p>Outgym GmbH<br \/>\nBgm.-Georg-Reck-Str. 3<br \/>\n91336 Heroldsbach<br \/>\nGermania<br \/>\nFax: 09190 \/ 9958-914<br \/>\nE-mail: info@outgym.de<\/p>\n<p>Con la presente io\/noi (*) revoco\/revochiamo il contratto da me\/noi (*) concluso per l&#039;acquisto dei seguenti beni (*)\/la fornitura del seguente servizio (*)<\/p>\n<p>_______________________________________________________<\/p>\n<p>_______________________________________________________<\/p>\n<p>Ordinato il (*) ___________ \/ ricevuto il (*) __________________<\/p>\n<p>________________________________________________________<br \/>\nNome del\/dei consumatore\/i<\/p>\n<p>________________________________________________________<br \/>\nIndirizzo del\/dei consumatore\/i<\/p>\n<p>________________________________________________________<br \/>\nFirma del\/dei consumatore\/i (solo se la notifica \u00e8 effettuata su carta)<\/p>\n<p>_________________________<br \/>\nData<\/p>\n<p>(*) Cancellare la dicitura non pertinente<\/p>\n<\/div>","protected":false},"excerpt":{"rendered":"<p>Widerrufsrecht Widerrufsbelehrung &amp; Widerrufsformular Verbrauchern steht ein Widerrufsrecht nach folgender Ma\u00dfgabe zu, wobei Verbraucher jede nat\u00fcrliche Person ist, die ein Rechtsgesch\u00e4ft zu Zwecken abschlie\u00dft, die \u00fcberwiegend weder ihrer gewerblichen noch ihrer selbst\u00e4ndigen beruflichen T\u00e4tigkeit zugerechnet werden k\u00f6nnen: A. Widerrufsbelehrung Widerrufsrecht Sie haben das Recht, binnen vierzehn Tagen ohne Angabe von Gr\u00fcnden diesen Vertrag zu widerrufen. [&hellip;]<\/p>","protected":false},"author":1,"featured_media":0,"parent":0,"menu_order":0,"comment_status":"closed","ping_status":"closed","template":"fullwidth-page.php","meta":{"_monsterinsights_skip_tracking":false,"_monsterinsights_sitenote_active":false,"_monsterinsights_sitenote_note":"","_monsterinsights_sitenote_category":0,"footnotes":""},"class_list":["post-477","page","type-page","status-publish","hentry"],"jetpack-related-posts":[],"jetpack_sharing_enabled":true,"_links":{"self":[{"href":"https:\/\/steam-butler.de\/it\/wp-json\/wp\/v2\/pages\/477","targetHints":{"allow":["GET"]}}],"collection":[{"href":"https:\/\/steam-butler.de\/it\/wp-json\/wp\/v2\/pages"}],"about":[{"href":"https:\/\/steam-butler.de\/it\/wp-json\/wp\/v2\/types\/page"}],"author":[{"embeddable":true,"href":"https:\/\/steam-butler.de\/it\/wp-json\/wp\/v2\/users\/1"}],"replies":[{"embeddable":true,"href":"https:\/\/steam-butler.de\/it\/wp-json\/wp\/v2\/comments?post=477"}],"version-history":[{"count":1,"href":"https:\/\/steam-butler.de\/it\/wp-json\/wp\/v2\/pages\/477\/revisions"}],"predecessor-version":[{"id":478,"href":"https:\/\/steam-butler.de\/it\/wp-json\/wp\/v2\/pages\/477\/revisions\/478"}],"wp:attachment":[{"href":"https:\/\/steam-butler.de\/it\/wp-json\/wp\/v2\/media?parent=477"}],"curies":[{"name":"wp","href":"https:\/\/api.w.org\/{rel}","templated":true}]}}