{"id":254,"date":"2016-07-01T13:39:15","date_gmt":"2016-07-01T11:39:15","guid":{"rendered":"http:\/\/ninetheme.com\/themes\/proland\/?post_type=product&#038;p=254"},"modified":"2025-12-24T18:23:35","modified_gmt":"2025-12-24T17:23:35","slug":"majordome-a-vapeur-maxi","status":"publish","type":"product","link":"https:\/\/steam-butler.de\/fr\/boutique\/majordome-a-vapeur-maxi\/","title":{"rendered":"Steam Butler Maxi"},"content":{"rendered":"<p>Le Steam Butler Home s&#039;occupe de l&#039;infusion pour vous. Remplissez-le simplement d&#039;eau d&#039;infusion et c&#039;est parti.<\/p>\n<p>La valve \u00e0 r\u00e9glage continu vous permet de contr\u00f4ler vous-m\u00eame la quantit\u00e9 d&#039;eau, vous permettant ainsi de d\u00e9terminer la fr\u00e9quence et la vitesse d&#039;arrosage du Steam Butler. La quantit\u00e9 d&#039;eau souhait\u00e9e s&#039;\u00e9coule par la valve vers le dispositif basculant. Si l&#039;appareil est presque plein, un d\u00e9s\u00e9quilibre se produit, provoquant le basculement du r\u00e9cipient basculant. L&#039;eau du r\u00e9cipient s&#039;\u00e9coule alors sur les pierres chaudes du sauna.<\/p>\n<p>&nbsp;<\/p>\n<p>Le Steam Butler Home, gr\u00e2ce \u00e0 son volume et \u00e0 la taille de son r\u00e9servoir, est parfaitement adapt\u00e9 \u00e0 votre sauna domestique. Si votre sauna est \u00e9quip\u00e9 d&#039;un po\u00eale de plus de 9 kW, la version Maxi est le choix id\u00e9al.<\/p>\n<p>Voici quelques d\u00e9tails :<\/p>\n<ul>\n<li style=\"list-style-type: none;\">\n<ul>\n<li>Capacit\u00e9 du bol d&#039;eau de 2,2 litres<\/li>\n<li>Environ 150 ml de contenu dans le r\u00e9cipient inclinable<\/li>\n<li>Temps d&#039;infusion avec la valve compl\u00e8tement ouverte : environ 9 min (environ 30 versements)<\/li>\n<li>Le temps d&#039;infusion peut \u00eatre ajust\u00e9 selon vos propres besoins en ajustant la valve<\/li>\n<\/ul>\n<\/li>\n<\/ul>","protected":false},"excerpt":{"rendered":"<p>Bol d&#039;eau de 2,2 litres \u2013 parfait pour les grands saunas<\/p>","protected":false},"featured_media":1400,"comment_status":"open","ping_status":"closed","template":"","meta":{"_monsterinsights_skip_tracking":false,"_monsterinsights_sitenote_active":false,"_monsterinsights_sitenote_note":"","_monsterinsights_sitenote_category":0},"product_brand":[],"product_cat":[23],"product_tag":[],"class_list":{"0":"post-254","1":"product","2":"type-product","3":"status-publish","4":"has-post-thumbnail","6":"product_cat-steam-butler","8":"first","9":"instock","10":"sale","11":"taxable","12":"shipping-taxable","13":"purchasable","14":"product-type-simple"},"jetpack-related-posts":[],"jetpack_sharing_enabled":true,"_links":{"self":[{"href":"https:\/\/steam-butler.de\/fr\/wp-json\/wp\/v2\/product\/254","targetHints":{"allow":["GET"]}}],"collection":[{"href":"https:\/\/steam-butler.de\/fr\/wp-json\/wp\/v2\/product"}],"about":[{"href":"https:\/\/steam-butler.de\/fr\/wp-json\/wp\/v2\/types\/product"}],"replies":[{"embeddable":true,"href":"https:\/\/steam-butler.de\/fr\/wp-json\/wp\/v2\/comments?post=254"}],"wp:featuredmedia":[{"embeddable":true,"href":"https:\/\/steam-butler.de\/fr\/wp-json\/wp\/v2\/media\/1400"}],"wp:attachment":[{"href":"https:\/\/steam-butler.de\/fr\/wp-json\/wp\/v2\/media?parent=254"}],"wp:term":[{"taxonomy":"product_brand","embeddable":true,"href":"https:\/\/steam-butler.de\/fr\/wp-json\/wp\/v2\/product_brand?post=254"},{"taxonomy":"product_cat","embeddable":true,"href":"https:\/\/steam-butler.de\/fr\/wp-json\/wp\/v2\/product_cat?post=254"},{"taxonomy":"product_tag","embeddable":true,"href":"https:\/\/steam-butler.de\/fr\/wp-json\/wp\/v2\/product_tag?post=254"}],"curies":[{"name":"wp","href":"https:\/\/api.w.org\/{rel}","templated":true}]}}