{"id":253,"date":"2016-07-01T13:38:03","date_gmt":"2016-07-01T13:38:03","guid":{"rendered":"http:\/\/ninetheme.com\/themes\/proland\/?post_type=product&#038;p=253"},"modified":"2026-01-09T10:23:45","modified_gmt":"2026-01-09T09:23:45","slug":"maison-de-majordome-a-vapeur","status":"publish","type":"product","link":"https:\/\/steam-butler.de\/fr\/boutique\/maison-de-majordome-a-vapeur\/","title":{"rendered":"Maison du majordome \u00e0 vapeur"},"content":{"rendered":"<p>Le Steam Butler Home s&#039;occupe de l&#039;infusion pour vous. Remplissez-le simplement d&#039;eau d&#039;infusion et c&#039;est parti.<\/p>\n<p>La valve \u00e0 r\u00e9glage continu vous permet de contr\u00f4ler vous-m\u00eame la quantit\u00e9 d&#039;eau, vous permettant ainsi de d\u00e9terminer la fr\u00e9quence et la vitesse d&#039;arrosage du Steam Butler. La quantit\u00e9 d&#039;eau souhait\u00e9e s&#039;\u00e9coule par la valve vers le dispositif basculant. Si l&#039;appareil est presque plein, un d\u00e9s\u00e9quilibre se produit, provoquant le basculement du r\u00e9cipient basculant. L&#039;eau du r\u00e9cipient s&#039;\u00e9coule alors sur les pierres chaudes du sauna.<\/p>\n<p>&nbsp;<\/p>\n<p>&nbsp;<\/p>\n<p>Der Steam-Butler Home ist mit dem Volumen und Gr\u00f6\u00dfe der Beh\u00e4lter perfekt f\u00fcr die heimische Sauna ausgelegt. Wenn Ihre Sauna einen Saunaofen bis 9KW hat, ist die Home Variante die richtige Wahl.<\/p>\n<p>Voici quelques d\u00e9tails :<\/p>\n<ul>\n<li>1,2 Liter Fassungsverm\u00f6gen der Wasserschale<\/li>\n<li>Ca. 100ml Inhalt im Kippbeh\u00e4lter<\/li>\n<li>Aufgu\u00dfzeit bei voll ge\u00f6ffneten Ventil: Ca.7 min (Ca. 17x aufgie\u00dfen)<\/li>\n<li>Le temps d&#039;infusion peut \u00eatre ajust\u00e9 selon vos propres besoins en ajustant la valve<\/li>\n<\/ul>","protected":false},"excerpt":{"rendered":"<p>Bol d\u2019eau de 1,2 litre \u2013 parfait pour votre sauna \u00e0 domicile !<\/p>","protected":false},"featured_media":1399,"comment_status":"open","ping_status":"closed","template":"","meta":{"_monsterinsights_skip_tracking":false,"_monsterinsights_sitenote_active":false,"_monsterinsights_sitenote_note":"","_monsterinsights_sitenote_category":0},"product_brand":[],"product_cat":[23],"product_tag":[22],"class_list":{"0":"post-253","1":"product","2":"type-product","3":"status-publish","4":"has-post-thumbnail","6":"product_cat-steam-butler","7":"product_tag-smart","9":"first","10":"instock","11":"sale","12":"taxable","13":"shipping-taxable","14":"purchasable","15":"product-type-simple"},"jetpack-related-posts":[],"jetpack_sharing_enabled":true,"_links":{"self":[{"href":"https:\/\/steam-butler.de\/fr\/wp-json\/wp\/v2\/product\/253","targetHints":{"allow":["GET"]}}],"collection":[{"href":"https:\/\/steam-butler.de\/fr\/wp-json\/wp\/v2\/product"}],"about":[{"href":"https:\/\/steam-butler.de\/fr\/wp-json\/wp\/v2\/types\/product"}],"replies":[{"embeddable":true,"href":"https:\/\/steam-butler.de\/fr\/wp-json\/wp\/v2\/comments?post=253"}],"wp:featuredmedia":[{"embeddable":true,"href":"https:\/\/steam-butler.de\/fr\/wp-json\/wp\/v2\/media\/1399"}],"wp:attachment":[{"href":"https:\/\/steam-butler.de\/fr\/wp-json\/wp\/v2\/media?parent=253"}],"wp:term":[{"taxonomy":"product_brand","embeddable":true,"href":"https:\/\/steam-butler.de\/fr\/wp-json\/wp\/v2\/product_brand?post=253"},{"taxonomy":"product_cat","embeddable":true,"href":"https:\/\/steam-butler.de\/fr\/wp-json\/wp\/v2\/product_cat?post=253"},{"taxonomy":"product_tag","embeddable":true,"href":"https:\/\/steam-butler.de\/fr\/wp-json\/wp\/v2\/product_tag?post=253"}],"curies":[{"name":"wp","href":"https:\/\/api.w.org\/{rel}","templated":true}]}}