{"id":477,"date":"2023-02-02T20:25:16","date_gmt":"2023-02-02T19:25:16","guid":{"rendered":"https:\/\/steam-butler.de\/?page_id=477"},"modified":"2023-03-03T17:44:28","modified_gmt":"2023-03-03T16:44:28","slug":"politique-dannulation","status":"publish","type":"page","link":"https:\/\/steam-butler.de\/fr\/politique-dannulation\/","title":{"rendered":"Politique d&#039;annulation"},"content":{"rendered":"<header class=\"entry-header text-center\">\n<h1 class=\"entry-title\">Droit de r\u00e9tractation<\/h1>\n<div class=\"is-divider medium\"><\/div>\n<\/header>\n<div class=\"entry-content\">\n<h1>Politique d&#039;annulation et formulaire d&#039;annulation<\/h1>\n<p>Les consommateurs disposent d&#039;un droit de r\u00e9tractation conform\u00e9ment aux dispositions suivantes, le consommateur \u00e9tant toute personne physique qui conclut une transaction juridique \u00e0 des fins qui ne peuvent \u00eatre principalement attribu\u00e9es ni \u00e0 son activit\u00e9 commerciale ni \u00e0 son activit\u00e9 professionnelle ind\u00e9pendante :<\/p>\n<h2>A. Politique d&#039;annulation<\/h2>\n<h3>Droit de r\u00e9tractation<\/h3>\n<p>Vous avez le droit de vous r\u00e9tracter du pr\u00e9sent contrat dans un d\u00e9lai de quatorze jours sans donner de motif.<\/p>\n<p>Le d\u00e9lai de r\u00e9tractation est de quatorze jours \u00e0 compter du jour o\u00f9 vous-m\u00eame ou un tiers autre que le transporteur d\u00e9sign\u00e9 par vous prend possession du dernier bien.<\/p>\n<p>Pour exercer votre droit de r\u00e9tractation, vous devez nous informer (Outgym GmbH, Bgm.-Georg-Reck-Str. 3, 91336 Heroldsbach, Allemagne, T\u00e9l.\u00a0: +49 9190 9958-544, Fax\u00a0: +49 9190 9958-914, E-mail\u00a0: info@outgym.de) de votre d\u00e9cision de r\u00e9tractation du pr\u00e9sent contrat au moyen d&#039;une d\u00e9claration d\u00e9nu\u00e9e d&#039;ambigu\u00eft\u00e9 (par exemple, lettre envoy\u00e9e par la poste, fax ou e-mail). Vous pouvez utiliser le mod\u00e8le de formulaire de r\u00e9tractation ci-joint, mais ce n&#039;est pas obligatoire.<\/p>\n<p>Pour respecter le d\u00e9lai de r\u00e9tractation, il suffit que vous transmettiez la notification de l&#039;exercice du droit de r\u00e9tractation avant l&#039;expiration du d\u00e9lai de r\u00e9tractation.<\/p>\n<h3>Cons\u00e9quences de la r\u00e9vocation<\/h3>\n<p>En cas de r\u00e9tractation de votre part, nous vous rembourserons tous les paiements re\u00e7us de vous, y compris les frais de livraison (\u00e0 l&#039;exception des frais suppl\u00e9mentaires r\u00e9sultant de votre choix d&#039;un mode de livraison autre que la livraison standard la moins ch\u00e8re que nous proposons), dans les meilleurs d\u00e9lais et au plus tard dans les quatorze jours suivant la date \u00e0 laquelle nous avons re\u00e7u notification de votre r\u00e9tractation. Pour ce remboursement, nous utiliserons le m\u00eame moyen de paiement que celui utilis\u00e9 pour la transaction initiale, sauf accord contraire expr\u00e8s avec vous\u00a0; aucuns frais ne vous seront factur\u00e9s pour ce remboursement. Nous pouvons refuser le remboursement jusqu&#039;\u00e0 r\u00e9ception des marchandises ou jusqu&#039;\u00e0 ce que vous ayez fourni la preuve de leur renvoi, la date retenue \u00e9tant celle du premier de ces faits.<\/p>\n<p>Vous devez nous retourner ou nous remettre les biens dans les meilleurs d\u00e9lais et, en tout \u00e9tat de cause, au plus tard quatorze jours apr\u00e8s avoir notifi\u00e9 votre r\u00e9tractation du pr\u00e9sent contrat. Ce d\u00e9lai est r\u00e9put\u00e9 respect\u00e9 si vous renvoyez les biens avant l&#039;expiration du d\u00e9lai de quatorze jours.<\/p>\n<p>Vous devrez prendre en charge les frais directs de retour des marchandises.<\/p>\n<p>Vous ne devez payer pour toute perte de valeur des marchandises que si cette perte de valeur est due \u00e0 une manipulation des marchandises qui n&#039;est pas n\u00e9cessaire pour v\u00e9rifier leur qualit\u00e9, leurs propri\u00e9t\u00e9s et leur fonctionnement.<\/p>\n<h3>Exclusion ou expiration pr\u00e9matur\u00e9e du droit de r\u00e9tractation<\/h3>\n<p>Le droit de r\u00e9tractation ne s&#039;applique pas aux contrats de livraison de biens qui ne sont pas pr\u00e9fabriqu\u00e9s et pour la production desquels une s\u00e9lection ou une d\u00e9termination individuelle par le consommateur est d\u00e9terminante ou qui sont clairement adapt\u00e9s aux besoins personnels du consommateur.<\/p>\n<h3>informations g\u00e9n\u00e9rales<\/h3>\n<p>1) Veuillez \u00e9viter d&#039;endommager ou de contaminer les marchandises. Veuillez nous retourner les marchandises dans leur emballage d&#039;origine, y compris tous les accessoires et \u00e9l\u00e9ments d&#039;emballage. Si n\u00e9cessaire, utilisez un emballage ext\u00e9rieur de protection. Si vous ne disposez plus de l&#039;emballage d&#039;origine, veillez \u00e0 utiliser un emballage appropri\u00e9 pour prot\u00e9ger efficacement les marchandises des dommages dus au transport.<br \/>\n2) Veuillez ne pas nous retourner les marchandises en port d\u00fb.<br \/>\n3) Veuillez noter que les points 1-2 mentionn\u00e9s ci-dessus ne constituent pas une condition pr\u00e9alable \u00e0 l\u2019exercice effectif du droit de r\u00e9tractation.<\/p>\n<h2>B. Formulaire d&#039;annulation<\/h2>\n<p>Si vous souhaitez annuler le contrat, veuillez remplir ce formulaire et le retourner.<\/p>\n<p>\u00c0<\/p>\n<p>Outgym GmbH<br \/>\nBgm.-Georg-Reck-Str. 3<br \/>\n91336 Heroldsbach<br \/>\nAllemagne<br \/>\nFax : 09190 \/ 9958-914<br \/>\nCourriel : info@outgym.de<\/p>\n<p>Je\/Nous (*) r\u00e9voque\/r\u00e9voquons par la pr\u00e9sente le contrat conclu par moi\/nous (*) pour l&#039;achat des biens suivants (*)\/la fourniture du service suivant (*)<\/p>\n<p>_______________________________________________________<\/p>\n<p>_______________________________________________________<\/p>\n<p>Command\u00e9 le (*) ____________ \/ re\u00e7u le (*) __________________<\/p>\n<p>________________________________________________________<br \/>\nNom du\/des consommateur(s)<\/p>\n<p>________________________________________________________<br \/>\nAdresse du\/des consommateur(s)<\/p>\n<p>________________________________________________________<br \/>\nSignature du\/des consommateur(s) (uniquement si la notification est faite sur papier)<\/p>\n<p>_________________________<br \/>\nDate<\/p>\n<p>(*) Supprimer la mention inutile<\/p>\n<\/div>","protected":false},"excerpt":{"rendered":"<p>Widerrufsrecht Widerrufsbelehrung &amp; Widerrufsformular Verbrauchern steht ein Widerrufsrecht nach folgender Ma\u00dfgabe zu, wobei Verbraucher jede nat\u00fcrliche Person ist, die ein Rechtsgesch\u00e4ft zu Zwecken abschlie\u00dft, die \u00fcberwiegend weder ihrer gewerblichen noch ihrer selbst\u00e4ndigen beruflichen T\u00e4tigkeit zugerechnet werden k\u00f6nnen: A. Widerrufsbelehrung Widerrufsrecht Sie haben das Recht, binnen vierzehn Tagen ohne Angabe von Gr\u00fcnden diesen Vertrag zu widerrufen. [&hellip;]<\/p>","protected":false},"author":1,"featured_media":0,"parent":0,"menu_order":0,"comment_status":"closed","ping_status":"closed","template":"fullwidth-page.php","meta":{"_monsterinsights_skip_tracking":false,"_monsterinsights_sitenote_active":false,"_monsterinsights_sitenote_note":"","_monsterinsights_sitenote_category":0,"footnotes":""},"class_list":["post-477","page","type-page","status-publish","hentry"],"jetpack-related-posts":[],"jetpack_sharing_enabled":true,"_links":{"self":[{"href":"https:\/\/steam-butler.de\/fr\/wp-json\/wp\/v2\/pages\/477","targetHints":{"allow":["GET"]}}],"collection":[{"href":"https:\/\/steam-butler.de\/fr\/wp-json\/wp\/v2\/pages"}],"about":[{"href":"https:\/\/steam-butler.de\/fr\/wp-json\/wp\/v2\/types\/page"}],"author":[{"embeddable":true,"href":"https:\/\/steam-butler.de\/fr\/wp-json\/wp\/v2\/users\/1"}],"replies":[{"embeddable":true,"href":"https:\/\/steam-butler.de\/fr\/wp-json\/wp\/v2\/comments?post=477"}],"version-history":[{"count":1,"href":"https:\/\/steam-butler.de\/fr\/wp-json\/wp\/v2\/pages\/477\/revisions"}],"predecessor-version":[{"id":478,"href":"https:\/\/steam-butler.de\/fr\/wp-json\/wp\/v2\/pages\/477\/revisions\/478"}],"wp:attachment":[{"href":"https:\/\/steam-butler.de\/fr\/wp-json\/wp\/v2\/media?parent=477"}],"curies":[{"name":"wp","href":"https:\/\/api.w.org\/{rel}","templated":true}]}}