{"id":254,"date":"2016-07-01T13:39:15","date_gmt":"2016-07-01T11:39:15","guid":{"rendered":"http:\/\/ninetheme.com\/themes\/proland\/?post_type=product&#038;p=254"},"modified":"2025-12-24T18:23:35","modified_gmt":"2025-12-24T17:23:35","slug":"hoeyryhovimestari-maxi","status":"publish","type":"product","link":"https:\/\/steam-butler.de\/fi\/kauppa\/hoeyryhovimestari-maxi\/","title":{"rendered":"Steam Butler Maxi"},"content":{"rendered":"<p>Steam Butler Home hoitaa haudutuksen puolestasi. T\u00e4yt\u00e4 se vain haudukevedell\u00e4, ja olet valmis.<\/p>\n<p>Portaattomasti s\u00e4\u00e4dett\u00e4v\u00e4n venttiilin avulla voit itse s\u00e4\u00e4t\u00e4\u00e4 veden m\u00e4\u00e4r\u00e4\u00e4 ja p\u00e4\u00e4tt\u00e4\u00e4, kuinka usein ja kuinka nopeasti h\u00f6yrykone kaataa vett\u00e4. Haluttu vesim\u00e4\u00e4r\u00e4 virtaa venttiilin l\u00e4pi kallistuvaan laitteeseen. Jos laite on l\u00e4hes t\u00e4ynn\u00e4, syntyy ep\u00e4tasapaino, joka saa kallistuvan s\u00e4ili\u00f6n kaatumaan. Vesi kallistuvasta s\u00e4ili\u00f6st\u00e4 virtaa nyt kuumille kiuaskiville.<\/p>\n<p>&nbsp;<\/p>\n<p>Steam Butler Home on tilavuudeltaan ja s\u00e4ili\u00f6kokoltaan t\u00e4ydellinen kotisaunaasi. Jos saunassasi on yli 9 kW:n kiuas, Maxi-versio on oikea valinta.<\/p>\n<p>T\u00e4ss\u00e4 on muutamia yksityiskohtia:<\/p>\n<ul>\n<li style=\"list-style-type: none;\">\n<ul>\n<li>vesikulhon tilavuus 2,2 litraa<\/li>\n<li>Noin 150 ml:n sis\u00e4lt\u00f6 kallistettavassa s\u00e4ili\u00f6ss\u00e4<\/li>\n<li>Infuusioaika venttiili t\u00e4ysin auki: Noin 9 min (noin 30 kaatamista)<\/li>\n<li>Infuusioaikaa voidaan s\u00e4\u00e4t\u00e4\u00e4 omiin tarpeisiisi s\u00e4\u00e4t\u00e4m\u00e4ll\u00e4 venttiili\u00e4<\/li>\n<\/ul>\n<\/li>\n<\/ul>","protected":false},"excerpt":{"rendered":"<p>2,2 litran vesikulho \u2013 t\u00e4ydellinen suurempiin saunoihin<\/p>","protected":false},"featured_media":1400,"comment_status":"open","ping_status":"closed","template":"","meta":{"_monsterinsights_skip_tracking":false,"_monsterinsights_sitenote_active":false,"_monsterinsights_sitenote_note":"","_monsterinsights_sitenote_category":0},"product_brand":[],"product_cat":[23],"product_tag":[],"class_list":{"0":"post-254","1":"product","2":"type-product","3":"status-publish","4":"has-post-thumbnail","6":"product_cat-steam-butler","8":"first","9":"instock","10":"sale","11":"taxable","12":"shipping-taxable","13":"purchasable","14":"product-type-simple"},"jetpack-related-posts":[],"jetpack_sharing_enabled":true,"_links":{"self":[{"href":"https:\/\/steam-butler.de\/fi\/wp-json\/wp\/v2\/product\/254","targetHints":{"allow":["GET"]}}],"collection":[{"href":"https:\/\/steam-butler.de\/fi\/wp-json\/wp\/v2\/product"}],"about":[{"href":"https:\/\/steam-butler.de\/fi\/wp-json\/wp\/v2\/types\/product"}],"replies":[{"embeddable":true,"href":"https:\/\/steam-butler.de\/fi\/wp-json\/wp\/v2\/comments?post=254"}],"wp:featuredmedia":[{"embeddable":true,"href":"https:\/\/steam-butler.de\/fi\/wp-json\/wp\/v2\/media\/1400"}],"wp:attachment":[{"href":"https:\/\/steam-butler.de\/fi\/wp-json\/wp\/v2\/media?parent=254"}],"wp:term":[{"taxonomy":"product_brand","embeddable":true,"href":"https:\/\/steam-butler.de\/fi\/wp-json\/wp\/v2\/product_brand?post=254"},{"taxonomy":"product_cat","embeddable":true,"href":"https:\/\/steam-butler.de\/fi\/wp-json\/wp\/v2\/product_cat?post=254"},{"taxonomy":"product_tag","embeddable":true,"href":"https:\/\/steam-butler.de\/fi\/wp-json\/wp\/v2\/product_tag?post=254"}],"curies":[{"name":"wp","href":"https:\/\/api.w.org\/{rel}","templated":true}]}}