{"id":253,"date":"2016-07-01T13:38:03","date_gmt":"2016-07-01T13:38:03","guid":{"rendered":"http:\/\/ninetheme.com\/themes\/proland\/?post_type=product&#038;p=253"},"modified":"2026-01-09T10:23:45","modified_gmt":"2026-01-09T09:23:45","slug":"hoeyry-hovimestarin-koti","status":"publish","type":"product","link":"https:\/\/steam-butler.de\/fi\/kauppa\/hoeyry-hovimestarin-koti\/","title":{"rendered":"Steam Butler Home"},"content":{"rendered":"<p>Steam Butler Home hoitaa haudutuksen puolestasi. T\u00e4yt\u00e4 se vain haudukevedell\u00e4, ja olet valmis.<\/p>\n<p>Portaattomasti s\u00e4\u00e4dett\u00e4v\u00e4n venttiilin avulla voit itse s\u00e4\u00e4t\u00e4\u00e4 veden m\u00e4\u00e4r\u00e4\u00e4 ja p\u00e4\u00e4tt\u00e4\u00e4, kuinka usein ja kuinka nopeasti h\u00f6yrykone kaataa vett\u00e4. Haluttu vesim\u00e4\u00e4r\u00e4 virtaa venttiilin l\u00e4pi kallistuvaan laitteeseen. Jos laite on l\u00e4hes t\u00e4ynn\u00e4, syntyy ep\u00e4tasapaino, joka saa kallistuvan s\u00e4ili\u00f6n kaatumaan. Vesi kallistuvasta s\u00e4ili\u00f6st\u00e4 virtaa nyt kuumille kiuaskiville.<\/p>\n<p>&nbsp;<\/p>\n<p>&nbsp;<\/p>\n<p>Der Steam-Butler Home ist mit dem Volumen und Gr\u00f6\u00dfe der Beh\u00e4lter perfekt f\u00fcr die heimische Sauna ausgelegt. Wenn Ihre Sauna einen Saunaofen bis 9KW hat, ist die Home Variante die richtige Wahl.<\/p>\n<p>T\u00e4ss\u00e4 on muutamia yksityiskohtia:<\/p>\n<ul>\n<li>1,2 Liter Fassungsverm\u00f6gen der Wasserschale<\/li>\n<li>Ca. 100ml Inhalt im Kippbeh\u00e4lter<\/li>\n<li>Aufgu\u00dfzeit bei voll ge\u00f6ffneten Ventil: Ca.7 min (Ca. 17x aufgie\u00dfen)<\/li>\n<li>Infuusioaikaa voidaan s\u00e4\u00e4t\u00e4\u00e4 omiin tarpeisiisi s\u00e4\u00e4t\u00e4m\u00e4ll\u00e4 venttiili\u00e4<\/li>\n<\/ul>","protected":false},"excerpt":{"rendered":"<p>1,2 litran vesikulho \u2013 t\u00e4ydellinen kotisaunaasi!<\/p>","protected":false},"featured_media":1399,"comment_status":"open","ping_status":"closed","template":"","meta":{"_monsterinsights_skip_tracking":false,"_monsterinsights_sitenote_active":false,"_monsterinsights_sitenote_note":"","_monsterinsights_sitenote_category":0},"product_brand":[],"product_cat":[23],"product_tag":[22],"class_list":{"0":"post-253","1":"product","2":"type-product","3":"status-publish","4":"has-post-thumbnail","6":"product_cat-steam-butler","7":"product_tag-smart","9":"first","10":"instock","11":"sale","12":"taxable","13":"shipping-taxable","14":"purchasable","15":"product-type-simple"},"jetpack-related-posts":[],"jetpack_sharing_enabled":true,"_links":{"self":[{"href":"https:\/\/steam-butler.de\/fi\/wp-json\/wp\/v2\/product\/253","targetHints":{"allow":["GET"]}}],"collection":[{"href":"https:\/\/steam-butler.de\/fi\/wp-json\/wp\/v2\/product"}],"about":[{"href":"https:\/\/steam-butler.de\/fi\/wp-json\/wp\/v2\/types\/product"}],"replies":[{"embeddable":true,"href":"https:\/\/steam-butler.de\/fi\/wp-json\/wp\/v2\/comments?post=253"}],"wp:featuredmedia":[{"embeddable":true,"href":"https:\/\/steam-butler.de\/fi\/wp-json\/wp\/v2\/media\/1399"}],"wp:attachment":[{"href":"https:\/\/steam-butler.de\/fi\/wp-json\/wp\/v2\/media?parent=253"}],"wp:term":[{"taxonomy":"product_brand","embeddable":true,"href":"https:\/\/steam-butler.de\/fi\/wp-json\/wp\/v2\/product_brand?post=253"},{"taxonomy":"product_cat","embeddable":true,"href":"https:\/\/steam-butler.de\/fi\/wp-json\/wp\/v2\/product_cat?post=253"},{"taxonomy":"product_tag","embeddable":true,"href":"https:\/\/steam-butler.de\/fi\/wp-json\/wp\/v2\/product_tag?post=253"}],"curies":[{"name":"wp","href":"https:\/\/api.w.org\/{rel}","templated":true}]}}