{"id":477,"date":"2023-02-02T20:25:16","date_gmt":"2023-02-02T19:25:16","guid":{"rendered":"https:\/\/steam-butler.de\/?page_id=477"},"modified":"2023-03-03T17:44:28","modified_gmt":"2023-03-03T16:44:28","slug":"peruutusehdot","status":"publish","type":"page","link":"https:\/\/steam-butler.de\/fi\/peruutusehdot\/","title":{"rendered":"Peruutusehdot"},"content":{"rendered":"<header class=\"entry-header text-center\">\n<h1 class=\"entry-title\">Peruuttamisoikeus<\/h1>\n<div class=\"is-divider medium\"><\/div>\n<\/header>\n<div class=\"entry-content\">\n<h1>Peruutusehdot ja peruutuslomake<\/h1>\n<p>Kuluttajilla on seuraavien m\u00e4\u00e4r\u00e4ysten mukainen peruuttamisoikeus, jonka mukaan kuluttaja on luonnollinen henkil\u00f6, joka tekee oikeustoimen tarkoituksessa, jota ei voida p\u00e4\u00e4asiallisesti pit\u00e4\u00e4 h\u00e4nen kaupallisena tai itsen\u00e4isen\u00e4 ammatillisena toimintanaan:<\/p>\n<h2>A. Peruutusehdot<\/h2>\n<h3>Peruuttamisoikeus<\/h3>\n<p>Sinulla on oikeus peruuttaa t\u00e4m\u00e4 sopimus nelj\u00e4ntoista p\u00e4iv\u00e4n kuluessa antamatta syyt\u00e4.<\/p>\n<p>Peruuttamisaika on nelj\u00e4toista p\u00e4iv\u00e4\u00e4 siit\u00e4 p\u00e4iv\u00e4st\u00e4, jona sin\u00e4 tai kolmas osapuoli, joka ei ole sinun nime\u00e4m\u00e4si kuljettaja, on saanut haltuunsa viimeisen tavaran.<\/p>\n<p>K\u00e4ytt\u00e4\u00e4ksesi peruuttamisoikeuttasi sinun on ilmoitettava meille (Outgym GmbH, Bgm.-Georg-Reck-Str. 3, 91336 Heroldsbach, Saksa, puh.: +49 9190 9958-544, faksi: +49 9190 9958-914, s\u00e4hk\u00f6posti: info@outgym.de) p\u00e4\u00e4t\u00f6ksest\u00e4si perua t\u00e4m\u00e4 sopimus selke\u00e4ll\u00e4 ilmoituksella (esim. postitse, faksilla tai s\u00e4hk\u00f6postitse l\u00e4hetetyll\u00e4 kirjeell\u00e4). Voit k\u00e4ytt\u00e4\u00e4 t\u00e4h\u00e4n tarkoitukseen liitteen\u00e4 olevaa malliperuuttamislomaketta, mutta se ei ole pakollista.<\/p>\n<p>Peruuttamisajan noudattamiseksi riitt\u00e4\u00e4, ett\u00e4 l\u00e4het\u00e4t ilmoituksen peruutusoikeuden k\u00e4ytt\u00e4misest\u00e4 ennen peruutusajan p\u00e4\u00e4ttymist\u00e4.<\/p>\n<h3>Peruuttamisen seuraukset<\/h3>\n<p>Jos peruutat t\u00e4m\u00e4n sopimuksen, palautamme sinulle kaikki sinulta saamamme maksut, mukaan lukien toimituskulut (lukuun ottamatta lis\u00e4kustannuksia, jotka johtuvat siit\u00e4, ett\u00e4 olet valinnut toimitustavan, joka ei ole halvin tarjoamamme vakiotoimitustapa), viipym\u00e4tt\u00e4 ja viimeist\u00e4\u00e4n nelj\u00e4ntoista p\u00e4iv\u00e4n kuluessa siit\u00e4 p\u00e4iv\u00e4st\u00e4, jona olemme vastaanottaneet ilmoituksen sopimuksen peruuttamisesta. T\u00e4ss\u00e4 hyvityksess\u00e4 k\u00e4yt\u00e4mme samaa maksutapaa, jota k\u00e4ytit alkuper\u00e4isess\u00e4 tapahtumassa, ellei kanssasi ole nimenomaisesti sovittu toisin; sinulta ei miss\u00e4\u00e4n olosuhteissa perit\u00e4 maksuja t\u00e4st\u00e4 hyvityksest\u00e4. Voimme kielt\u00e4yty\u00e4 hyvityksest\u00e4, kunnes olemme saaneet tavarat takaisin tai kunnes olet toimittanut todisteen siit\u00e4, ett\u00e4 olet palauttanut tavarat, sen mukaan, kumpi tapahtuu aikaisemmin.<\/p>\n<p>Sinun on palautettava tai luovutettava tavarat meille viipym\u00e4tt\u00e4 ja joka tapauksessa viimeist\u00e4\u00e4n nelj\u00e4ntoista p\u00e4iv\u00e4n kuluessa siit\u00e4 p\u00e4iv\u00e4st\u00e4, jona ilmoitat meille t\u00e4m\u00e4n sopimuksen peruuttamisesta. T\u00e4m\u00e4 m\u00e4\u00e4r\u00e4aika katsotaan noudatetuksi, jos l\u00e4het\u00e4t tavarat ennen nelj\u00e4ntoista p\u00e4iv\u00e4n m\u00e4\u00e4r\u00e4ajan p\u00e4\u00e4ttymist\u00e4.<\/p>\n<p>Sin\u00e4 vastaat tavaroiden palauttamisesta aiheutuvista suorista kustannuksista.<\/p>\n<p>Sinun on maksettava tavaroiden arvon alenemisesta vain, jos t\u00e4m\u00e4 arvon aleneminen johtuu tavaroiden k\u00e4sittelyst\u00e4, joka ei ole tarpeen niiden laadun, ominaisuuksien ja toiminnan tarkistamiseksi.<\/p>\n<h3>Peruuttamisoikeuden poissulkeminen tai ennenaikainen p\u00e4\u00e4ttyminen<\/h3>\n<p>Peruuttamisoikeus ei koske sellaisten tavaroiden toimitussopimuksia, jotka eiv\u00e4t ole valmiiksi valmistettuja ja joiden valmistuksen kannalta kuluttajan yksil\u00f6llinen valinta tai p\u00e4\u00e4t\u00f6s on ratkaiseva tai jotka on selv\u00e4sti r\u00e4\u00e4t\u00e4l\u00f6ity kuluttajan henkil\u00f6kohtaisiin tarpeisiin.<\/p>\n<h3>Yleist\u00e4 tietoa<\/h3>\n<p>1) V\u00e4lt\u00e4 tuotteiden vahingoittumista tai saastumista. Palauta tuotteet meille alkuper\u00e4ispakkauksessaan, kaikkine lis\u00e4varusteineen ja pakkauskomponentteineen. K\u00e4yt\u00e4 tarvittaessa suojaavaa ulkopakkausta. Jos sinulla ei en\u00e4\u00e4 ole alkuper\u00e4ist\u00e4 pakkausta, varmista, ett\u00e4 k\u00e4yt\u00e4t sopivaa pakkausta suojataksesi tuotteet kuljetusvaurioilta.<br \/>\n2) \u00c4l\u00e4 palauta tavaroita meille rahtikulujen noutopalveluun.<br \/>\n3) Huomaa, ett\u00e4 edell\u00e4 mainitut kohdat 1\u20132 eiv\u00e4t ole edellytys peruuttamisoikeuden tehokkaalle k\u00e4ytt\u00e4miselle.<\/p>\n<h2>B. Peruutuslomake<\/h2>\n<p>Jos haluat peruuttaa sopimuksen, t\u00e4yt\u00e4 t\u00e4m\u00e4 lomake ja palauta se.<\/p>\n<p>Kohti<\/p>\n<p>Outgym GmbH<br \/>\nBgm.-Georg-Reck-Str. 3<br \/>\n91336 Heroldsbach<br \/>\nSaksa<br \/>\nFaksi: 09190 \/ 9958-914<br \/>\nS\u00e4hk\u00f6posti: info@outgym.de<\/p>\n<p>Min\u00e4\/me (*) peruutan t\u00e4ten minun\/meid\u00e4n (*) tekem\u00e4ni sopimuksen seuraavien tavaroiden ostamisesta (*) \/ seuraavan palvelun tarjoamisesta (*)<\/p>\n<p>_______________________________________________________<\/p>\n<p>_______________________________________________________<\/p>\n<p>Tilattu (*) _____________ \/ vastaanotettu (*) ____________________<\/p>\n<p>________________________________________________________<br \/>\nKuluttajan\/kuluttajien nimi<\/p>\n<p>________________________________________________________<br \/>\nKuluttajan\/kuluttajien osoite<\/p>\n<p>________________________________________________________<br \/>\nKuluttajan\/kuluttajien allekirjoitus (vain jos ilmoitus tehd\u00e4\u00e4n paperilla)<\/p>\n<p>_________________________<br \/>\nP\u00e4iv\u00e4m\u00e4\u00e4r\u00e4<\/p>\n<p>(*) Poista tarpeeton<\/p>\n<\/div>","protected":false},"excerpt":{"rendered":"<p>Widerrufsrecht Widerrufsbelehrung &amp; Widerrufsformular Verbrauchern steht ein Widerrufsrecht nach folgender Ma\u00dfgabe zu, wobei Verbraucher jede nat\u00fcrliche Person ist, die ein Rechtsgesch\u00e4ft zu Zwecken abschlie\u00dft, die \u00fcberwiegend weder ihrer gewerblichen noch ihrer selbst\u00e4ndigen beruflichen T\u00e4tigkeit zugerechnet werden k\u00f6nnen: A. Widerrufsbelehrung Widerrufsrecht Sie haben das Recht, binnen vierzehn Tagen ohne Angabe von Gr\u00fcnden diesen Vertrag zu widerrufen. [&hellip;]<\/p>","protected":false},"author":1,"featured_media":0,"parent":0,"menu_order":0,"comment_status":"closed","ping_status":"closed","template":"fullwidth-page.php","meta":{"_monsterinsights_skip_tracking":false,"_monsterinsights_sitenote_active":false,"_monsterinsights_sitenote_note":"","_monsterinsights_sitenote_category":0,"footnotes":""},"class_list":["post-477","page","type-page","status-publish","hentry"],"jetpack-related-posts":[],"jetpack_sharing_enabled":true,"_links":{"self":[{"href":"https:\/\/steam-butler.de\/fi\/wp-json\/wp\/v2\/pages\/477","targetHints":{"allow":["GET"]}}],"collection":[{"href":"https:\/\/steam-butler.de\/fi\/wp-json\/wp\/v2\/pages"}],"about":[{"href":"https:\/\/steam-butler.de\/fi\/wp-json\/wp\/v2\/types\/page"}],"author":[{"embeddable":true,"href":"https:\/\/steam-butler.de\/fi\/wp-json\/wp\/v2\/users\/1"}],"replies":[{"embeddable":true,"href":"https:\/\/steam-butler.de\/fi\/wp-json\/wp\/v2\/comments?post=477"}],"version-history":[{"count":1,"href":"https:\/\/steam-butler.de\/fi\/wp-json\/wp\/v2\/pages\/477\/revisions"}],"predecessor-version":[{"id":478,"href":"https:\/\/steam-butler.de\/fi\/wp-json\/wp\/v2\/pages\/477\/revisions\/478"}],"wp:attachment":[{"href":"https:\/\/steam-butler.de\/fi\/wp-json\/wp\/v2\/media?parent=477"}],"curies":[{"name":"wp","href":"https:\/\/api.w.org\/{rel}","templated":true}]}}