{"id":463,"date":"2023-02-02T19:09:36","date_gmt":"2023-02-02T18:09:36","guid":{"rendered":"https:\/\/steam-butler.de\/?page_id=463"},"modified":"2023-03-03T17:43:50","modified_gmt":"2023-03-03T16:43:50","slug":"painatus","status":"publish","type":"page","link":"https:\/\/steam-butler.de\/fi\/painatus\/","title":{"rendered":"painatus"},"content":{"rendered":"<p>Outgym GmbH<br \/>\nBgm.-Georg-Reck-Str. 3<br \/>\n91336 Heroldsbach<br \/>\nSaksa<\/p>\n<p>Puhelin: 09190 \/ 9958-544<br \/>\nFaksi: 09190 \/ 9958-914<br \/>\nS\u00e4hk\u00f6posti: info@outgym.de<\/p>\n<p>Rekisterituomioistuin: Bambergin k\u00e4r\u00e4j\u00e4oikeus<br \/>\nRekisterinumero: HRB 10384<\/p>\n<p>Toimitusjohtaja: Michael Meindl<\/p>\n<p>ALV-tunnistenumero myyntiverolain 27a \u00a7:n mukaisesti: DE344141760<\/p>\n<p>EU-komission verkkov\u00e4litteinen riidanratkaisualusta:&nbsp;<a href=\"https:\/\/ec.europa.eu\/odr\" target=\"_blank\" rel=\"noopener\">https:\/\/ec.europa.eu\/odr<\/a><\/p>\n<p>Emme ole velvollisia emmek\u00e4 halukkaita osallistumaan riitojenratkaisumenettelyihin kuluttajariitojen v\u00e4limiesoikeudessa.<\/p>\n<p>Vastuuhenkil\u00f6 MStV:n 18 \u00a7:n 2 momentin tarkoittamassa merkityksess\u00e4:<br \/>\nMicahel Meindl, pormestari-Georg-Reck-Str. 3, 91336 Heroldsbach<\/p>\n<p>Laitteissa, joiden valmistaja Trimm-Dich-Pfad.com ei ole, k\u00e4ytetyt kuvat ja tekstit ovat kyseisten valmistajien omaisuutta ja ne on annettu meille saataville.<\/p>\n<p>K\u00e4ytettyjen kuvapankkikuvien l\u00e4hde: Fotolia.de \/ Bigstockphoto.com<br \/>\n<div class=\"woocommerce woocommerce-gzd woocommerce-gzd-complaints-shortcode\">\n\t\t\t<h3>Alternative Dispute Resolution in accordance with Art. 14 (1) ODR-VO and \u00a7 36 VSBG:<\/h3>\n\t\nEmme ole velvollisia emmek\u00e4 halukkaita osallistumaan riitojenratkaisumenettelyihin kuluttajariitojen v\u00e4limiesoikeudessa.<\/div>","protected":false},"excerpt":{"rendered":"<p>Outgym GmbH Bgm.-Georg-Reck-Str. 3 91336 Heroldsbach Deutschland Tel.: 09190 \/ 9958-544 Fax: 09190 \/ 9958-914 E-Mail: info@outgym.de Registergericht: Amtsgericht Bamberg Registernummer: HRB 10384 Gesch\u00e4ftsf\u00fchrer: Michael Meindl Umsatzsteuer-Identifikationsnummer gem\u00e4\u00df \u00a7 27 a Umsatzsteuergesetz: DE344141760 Plattform der EU-Kommission zur Online-Streitbeilegung:&nbsp;https:\/\/ec.europa.eu\/odr Wir sind zur Teilnahme an einem Streitbeilegungsverfahren vor einer Verbraucherschlichtungsstelle weder verpflichtet noch bereit. Verantwortliche\/r i.S.d. \u00a7 [&hellip;]<\/p>","protected":false},"author":1,"featured_media":0,"parent":0,"menu_order":0,"comment_status":"closed","ping_status":"closed","template":"fullwidth-page.php","meta":{"_monsterinsights_skip_tracking":false,"_monsterinsights_sitenote_active":false,"_monsterinsights_sitenote_note":"","_monsterinsights_sitenote_category":0,"footnotes":""},"class_list":["post-463","page","type-page","status-publish","hentry"],"jetpack-related-posts":[],"jetpack_sharing_enabled":true,"_links":{"self":[{"href":"https:\/\/steam-butler.de\/fi\/wp-json\/wp\/v2\/pages\/463","targetHints":{"allow":["GET"]}}],"collection":[{"href":"https:\/\/steam-butler.de\/fi\/wp-json\/wp\/v2\/pages"}],"about":[{"href":"https:\/\/steam-butler.de\/fi\/wp-json\/wp\/v2\/types\/page"}],"author":[{"embeddable":true,"href":"https:\/\/steam-butler.de\/fi\/wp-json\/wp\/v2\/users\/1"}],"replies":[{"embeddable":true,"href":"https:\/\/steam-butler.de\/fi\/wp-json\/wp\/v2\/comments?post=463"}],"version-history":[{"count":3,"href":"https:\/\/steam-butler.de\/fi\/wp-json\/wp\/v2\/pages\/463\/revisions"}],"predecessor-version":[{"id":518,"href":"https:\/\/steam-butler.de\/fi\/wp-json\/wp\/v2\/pages\/463\/revisions\/518"}],"wp:attachment":[{"href":"https:\/\/steam-butler.de\/fi\/wp-json\/wp\/v2\/media?parent=463"}],"curies":[{"name":"wp","href":"https:\/\/api.w.org\/{rel}","templated":true}]}}