{"id":463,"date":"2023-02-02T19:09:36","date_gmt":"2023-02-02T18:09:36","guid":{"rendered":"https:\/\/steam-butler.de\/?page_id=463"},"modified":"2023-03-03T17:43:50","modified_gmt":"2023-03-03T16:43:50","slug":"imprint","status":"publish","type":"page","link":"https:\/\/steam-butler.de\/en\/imprint\/","title":{"rendered":"imprint"},"content":{"rendered":"<p>Outgym GmbH<br \/>\nBgm.-Georg-Reck-Str. 3<br \/>\n91336 Heroldsbach<br \/>\nGermany<\/p>\n<p>Phone: 09190 \/ 9958-544<br \/>\nFax: 09190 \/ 9958-914<br \/>\nEmail: info@outgym.de<\/p>\n<p>Register court: Bamberg District Court<br \/>\nRegistration number: HRB 10384<\/p>\n<p>Managing Director: Michael Meindl<\/p>\n<p>VAT identification number according to Section 27a of the Sales Tax Law: DE344141760<\/p>\n<p>EU Commission platform for online dispute resolution:&nbsp;<a href=\"https:\/\/ec.europa.eu\/odr\" target=\"_blank\" rel=\"noopener\">https:\/\/ec.europa.eu\/odr<\/a><\/p>\n<p>We are neither obliged nor willing to participate in dispute resolution proceedings before a consumer arbitration board.<\/p>\n<p>Responsible person within the meaning of Section 18 (2) MStV:<br \/>\nMicahel Meindl, Mayor-Georg-Reck-Str. 3, 91336 Heroldsbach<\/p>\n<p>The images and texts used for devices for which Trimm-Dich-Pfad.com is not the manufacturer are the property of the respective manufacturers and were made available to us.<\/p>\n<p>Source for stock photography images used: Fotolia.de \/ Bigstockphoto.com<br \/>\n<div class=\"woocommerce woocommerce-gzd woocommerce-gzd-complaints-shortcode\">\n\t\t\t<h3>Alternative Dispute Resolution in accordance with Art. 14 (1) ODR-VO and \u00a7 36 VSBG:<\/h3>\n\t\nWe are neither obliged nor willing to participate in dispute resolution proceedings before a consumer arbitration board.<\/div>","protected":false},"excerpt":{"rendered":"<p>Outgym GmbH Bgm.-Georg-Reck-Str. 3 91336 Heroldsbach Deutschland Tel.: 09190 \/ 9958-544 Fax: 09190 \/ 9958-914 E-Mail: info@outgym.de Registergericht: Amtsgericht Bamberg Registernummer: HRB 10384 Gesch\u00e4ftsf\u00fchrer: Michael Meindl Umsatzsteuer-Identifikationsnummer gem\u00e4\u00df \u00a7 27 a Umsatzsteuergesetz: DE344141760 Plattform der EU-Kommission zur Online-Streitbeilegung:&nbsp;https:\/\/ec.europa.eu\/odr Wir sind zur Teilnahme an einem Streitbeilegungsverfahren vor einer Verbraucherschlichtungsstelle weder verpflichtet noch bereit. Verantwortliche\/r i.S.d. \u00a7 [&hellip;]<\/p>","protected":false},"author":1,"featured_media":0,"parent":0,"menu_order":0,"comment_status":"closed","ping_status":"closed","template":"fullwidth-page.php","meta":{"_monsterinsights_skip_tracking":false,"_monsterinsights_sitenote_active":false,"_monsterinsights_sitenote_note":"","_monsterinsights_sitenote_category":0,"footnotes":""},"class_list":["post-463","page","type-page","status-publish","hentry"],"jetpack-related-posts":[],"jetpack_sharing_enabled":true,"_links":{"self":[{"href":"https:\/\/steam-butler.de\/en\/wp-json\/wp\/v2\/pages\/463","targetHints":{"allow":["GET"]}}],"collection":[{"href":"https:\/\/steam-butler.de\/en\/wp-json\/wp\/v2\/pages"}],"about":[{"href":"https:\/\/steam-butler.de\/en\/wp-json\/wp\/v2\/types\/page"}],"author":[{"embeddable":true,"href":"https:\/\/steam-butler.de\/en\/wp-json\/wp\/v2\/users\/1"}],"replies":[{"embeddable":true,"href":"https:\/\/steam-butler.de\/en\/wp-json\/wp\/v2\/comments?post=463"}],"version-history":[{"count":3,"href":"https:\/\/steam-butler.de\/en\/wp-json\/wp\/v2\/pages\/463\/revisions"}],"predecessor-version":[{"id":518,"href":"https:\/\/steam-butler.de\/en\/wp-json\/wp\/v2\/pages\/463\/revisions\/518"}],"wp:attachment":[{"href":"https:\/\/steam-butler.de\/en\/wp-json\/wp\/v2\/media?parent=463"}],"curies":[{"name":"wp","href":"https:\/\/api.w.org\/{rel}","templated":true}]}}