{"id":254,"date":"2016-07-01T13:39:15","date_gmt":"2016-07-01T11:39:15","guid":{"rendered":"http:\/\/ninetheme.com\/themes\/proland\/?post_type=product&#038;p=254"},"modified":"2025-12-24T18:23:35","modified_gmt":"2025-12-24T17:23:35","slug":"parni-komornik-maxi","status":"publish","type":"product","link":"https:\/\/steam-butler.de\/cs\/nakupovat\/parni-komornik-maxi\/","title":{"rendered":"Parn\u00ed komorn\u00edk Maxi"},"content":{"rendered":"<p>Steam Butler Home se postar\u00e1 o n\u00e1lev za v\u00e1s. Jednodu\u0161e jej napl\u0148te n\u00e1levnou vodou a m\u016f\u017eete za\u010d\u00edt.<\/p>\n<p>Plynule nastaviteln\u00fd ventil v\u00e1m umo\u017e\u0148uje sami regulovat mno\u017estv\u00ed vody a rozhodnout se, jak \u010dasto a jak rychle v\u00e1m m\u00e1 Steam Butler vodu nal\u00e9vat. Po\u017eadovan\u00e9 mno\u017estv\u00ed vody prot\u00e9k\u00e1 ventilem do nakl\u00e1p\u011bc\u00edho za\u0159\u00edzen\u00ed. Pokud je za\u0159\u00edzen\u00ed t\u00e9m\u011b\u0159 pln\u00e9, doch\u00e1z\u00ed k nerovnov\u00e1ze, kter\u00e1 zp\u016fsob\u00ed p\u0159evr\u00e1cen\u00ed nakl\u00e1p\u011bc\u00ed n\u00e1doby. Voda z nakl\u00e1p\u011bc\u00ed n\u00e1doby nyn\u00ed st\u00e9k\u00e1 na hork\u00e9 saunov\u00e9 kameny.<\/p>\n<p>&nbsp;<\/p>\n<p>Steam Butler Home je sv\u00fdm objemem a velikost\u00ed n\u00e1dr\u017ee perfektn\u011b navr\u017een pro va\u0161i dom\u00e1c\u00ed saunu. Pokud m\u00e1 va\u0161e sauna topidlo s v\u00fdkonem nad 9 kW, je verze Maxi tou spr\u00e1vnou volbou.<\/p>\n<p>Zde je n\u011bkolik podrobnost\u00ed:<\/p>\n<ul>\n<li style=\"list-style-type: none;\">\n<ul>\n<li>Objem misky na vodu 2,2 litru<\/li>\n<li>Obsah cca 150 ml ve v\u00fdklopn\u00e9 n\u00e1dob\u011b<\/li>\n<li>Doba infuze s pln\u011b otev\u0159en\u00fdm ventilem: cca 9 min (cca 30 d\u00e1vek)<\/li>\n<li>Dobu infuze lze upravit dle vlastn\u00edch pot\u0159eb nastaven\u00edm ventilu<\/li>\n<\/ul>\n<\/li>\n<\/ul>","protected":false},"excerpt":{"rendered":"<p>Vodn\u00ed m\u00edsa o objemu 2,2 litru \u2013 ide\u00e1ln\u00ed pro v\u011bt\u0161\u00ed sauny<\/p>","protected":false},"featured_media":1400,"comment_status":"open","ping_status":"closed","template":"","meta":{"_monsterinsights_skip_tracking":false,"_monsterinsights_sitenote_active":false,"_monsterinsights_sitenote_note":"","_monsterinsights_sitenote_category":0},"product_brand":[],"product_cat":[23],"product_tag":[],"class_list":{"0":"post-254","1":"product","2":"type-product","3":"status-publish","4":"has-post-thumbnail","6":"product_cat-steam-butler","8":"first","9":"instock","10":"sale","11":"taxable","12":"shipping-taxable","13":"purchasable","14":"product-type-simple"},"jetpack-related-posts":[],"jetpack_sharing_enabled":true,"_links":{"self":[{"href":"https:\/\/steam-butler.de\/cs\/wp-json\/wp\/v2\/product\/254","targetHints":{"allow":["GET"]}}],"collection":[{"href":"https:\/\/steam-butler.de\/cs\/wp-json\/wp\/v2\/product"}],"about":[{"href":"https:\/\/steam-butler.de\/cs\/wp-json\/wp\/v2\/types\/product"}],"replies":[{"embeddable":true,"href":"https:\/\/steam-butler.de\/cs\/wp-json\/wp\/v2\/comments?post=254"}],"wp:featuredmedia":[{"embeddable":true,"href":"https:\/\/steam-butler.de\/cs\/wp-json\/wp\/v2\/media\/1400"}],"wp:attachment":[{"href":"https:\/\/steam-butler.de\/cs\/wp-json\/wp\/v2\/media?parent=254"}],"wp:term":[{"taxonomy":"product_brand","embeddable":true,"href":"https:\/\/steam-butler.de\/cs\/wp-json\/wp\/v2\/product_brand?post=254"},{"taxonomy":"product_cat","embeddable":true,"href":"https:\/\/steam-butler.de\/cs\/wp-json\/wp\/v2\/product_cat?post=254"},{"taxonomy":"product_tag","embeddable":true,"href":"https:\/\/steam-butler.de\/cs\/wp-json\/wp\/v2\/product_tag?post=254"}],"curies":[{"name":"wp","href":"https:\/\/api.w.org\/{rel}","templated":true}]}}