{"id":253,"date":"2016-07-01T13:38:03","date_gmt":"2016-07-01T13:38:03","guid":{"rendered":"http:\/\/ninetheme.com\/themes\/proland\/?post_type=product&#038;p=253"},"modified":"2026-01-09T10:23:45","modified_gmt":"2026-01-09T09:23:45","slug":"domov-parniho-komornika","status":"publish","type":"product","link":"https:\/\/steam-butler.de\/cs\/nakupovat\/domov-parniho-komornika\/","title":{"rendered":"Domov parn\u00edho komorn\u00edka"},"content":{"rendered":"<p>Steam Butler Home se postar\u00e1 o n\u00e1lev za v\u00e1s. Jednodu\u0161e jej napl\u0148te n\u00e1levnou vodou a m\u016f\u017eete za\u010d\u00edt.<\/p>\n<p>Plynule nastaviteln\u00fd ventil v\u00e1m umo\u017e\u0148uje sami regulovat mno\u017estv\u00ed vody a rozhodnout se, jak \u010dasto a jak rychle v\u00e1m m\u00e1 Steam Butler vodu nal\u00e9vat. Po\u017eadovan\u00e9 mno\u017estv\u00ed vody prot\u00e9k\u00e1 ventilem do nakl\u00e1p\u011bc\u00edho za\u0159\u00edzen\u00ed. Pokud je za\u0159\u00edzen\u00ed t\u00e9m\u011b\u0159 pln\u00e9, doch\u00e1z\u00ed k nerovnov\u00e1ze, kter\u00e1 zp\u016fsob\u00ed p\u0159evr\u00e1cen\u00ed nakl\u00e1p\u011bc\u00ed n\u00e1doby. Voda z nakl\u00e1p\u011bc\u00ed n\u00e1doby nyn\u00ed st\u00e9k\u00e1 na hork\u00e9 saunov\u00e9 kameny.<\/p>\n<p>&nbsp;<\/p>\n<p>&nbsp;<\/p>\n<p>Der Steam-Butler Home ist mit dem Volumen und Gr\u00f6\u00dfe der Beh\u00e4lter perfekt f\u00fcr die heimische Sauna ausgelegt. Wenn Ihre Sauna einen Saunaofen bis 9KW hat, ist die Home Variante die richtige Wahl.<\/p>\n<p>Zde je n\u011bkolik podrobnost\u00ed:<\/p>\n<ul>\n<li>1,2 Liter Fassungsverm\u00f6gen der Wasserschale<\/li>\n<li>Ca. 100ml Inhalt im Kippbeh\u00e4lter<\/li>\n<li>Aufgu\u00dfzeit bei voll ge\u00f6ffneten Ventil: Ca.7 min (Ca. 17x aufgie\u00dfen)<\/li>\n<li>Dobu infuze lze upravit dle vlastn\u00edch pot\u0159eb nastaven\u00edm ventilu<\/li>\n<\/ul>","protected":false},"excerpt":{"rendered":"<p>Miska na vodu o objemu 1,2 litru \u2013 ide\u00e1ln\u00ed pro va\u0161i dom\u00e1c\u00ed saunu!<\/p>","protected":false},"featured_media":1399,"comment_status":"open","ping_status":"closed","template":"","meta":{"_monsterinsights_skip_tracking":false,"_monsterinsights_sitenote_active":false,"_monsterinsights_sitenote_note":"","_monsterinsights_sitenote_category":0},"product_brand":[],"product_cat":[23],"product_tag":[22],"class_list":{"0":"post-253","1":"product","2":"type-product","3":"status-publish","4":"has-post-thumbnail","6":"product_cat-steam-butler","7":"product_tag-smart","9":"first","10":"instock","11":"sale","12":"taxable","13":"shipping-taxable","14":"purchasable","15":"product-type-simple"},"jetpack-related-posts":[],"jetpack_sharing_enabled":true,"_links":{"self":[{"href":"https:\/\/steam-butler.de\/cs\/wp-json\/wp\/v2\/product\/253","targetHints":{"allow":["GET"]}}],"collection":[{"href":"https:\/\/steam-butler.de\/cs\/wp-json\/wp\/v2\/product"}],"about":[{"href":"https:\/\/steam-butler.de\/cs\/wp-json\/wp\/v2\/types\/product"}],"replies":[{"embeddable":true,"href":"https:\/\/steam-butler.de\/cs\/wp-json\/wp\/v2\/comments?post=253"}],"wp:featuredmedia":[{"embeddable":true,"href":"https:\/\/steam-butler.de\/cs\/wp-json\/wp\/v2\/media\/1399"}],"wp:attachment":[{"href":"https:\/\/steam-butler.de\/cs\/wp-json\/wp\/v2\/media?parent=253"}],"wp:term":[{"taxonomy":"product_brand","embeddable":true,"href":"https:\/\/steam-butler.de\/cs\/wp-json\/wp\/v2\/product_brand?post=253"},{"taxonomy":"product_cat","embeddable":true,"href":"https:\/\/steam-butler.de\/cs\/wp-json\/wp\/v2\/product_cat?post=253"},{"taxonomy":"product_tag","embeddable":true,"href":"https:\/\/steam-butler.de\/cs\/wp-json\/wp\/v2\/product_tag?post=253"}],"curies":[{"name":"wp","href":"https:\/\/api.w.org\/{rel}","templated":true}]}}