{"id":477,"date":"2023-02-02T20:25:16","date_gmt":"2023-02-02T19:25:16","guid":{"rendered":"https:\/\/steam-butler.de\/?page_id=477"},"modified":"2023-03-03T17:44:28","modified_gmt":"2023-03-03T16:44:28","slug":"storno-podminky","status":"publish","type":"page","link":"https:\/\/steam-butler.de\/cs\/storno-podminky\/","title":{"rendered":"Storno podm\u00ednky"},"content":{"rendered":"<header class=\"entry-header text-center\">\n<h1 class=\"entry-title\">Pr\u00e1vo na odstoupen\u00ed od smlouvy<\/h1>\n<div class=\"is-divider medium\"><\/div>\n<\/header>\n<div class=\"entry-content\">\n<h1>Storno podm\u00ednky a formul\u00e1\u0159 pro zru\u0161en\u00ed<\/h1>\n<p>Spot\u0159ebitel\u00e9 maj\u00ed pr\u00e1vo odstoupit od smlouvy v souladu s n\u00e1sleduj\u00edc\u00edmi ustanoven\u00edmi, p\u0159i\u010dem\u017e spot\u0159ebitelem je ka\u017ed\u00e1 fyzick\u00e1 osoba, kter\u00e1 uzav\u00edr\u00e1 pr\u00e1vn\u00ed \u00fakon za \u00fa\u010delem, kter\u00fd nelze p\u0159ev\u00e1\u017en\u011b p\u0159ipsat ani jej\u00ed obchodn\u00ed, ani jej\u00ed samostatn\u00e9 v\u00fdd\u011ble\u010dn\u00e9 \u010dinnosti:<\/p>\n<h2>A. Storno podm\u00ednky<\/h2>\n<h3>Pr\u00e1vo na odstoupen\u00ed od smlouvy<\/h3>\n<p>M\u00e1te pr\u00e1vo odstoupit od t\u00e9to smlouvy do \u010dtrn\u00e1cti dn\u016f bez ud\u00e1n\u00ed d\u016fvodu.<\/p>\n<p>Lh\u016fta pro odstoupen\u00ed od smlouvy je \u010dtrn\u00e1ct dn\u00ed ode dne, kdy vy nebo t\u0159et\u00ed strana jin\u00e1 ne\u017e v\u00e1mi ur\u010den\u00fd dopravce p\u0159evezmete posledn\u00ed zbo\u017e\u00ed.<\/p>\n<p>Abyste mohli uplatnit sv\u00e9 pr\u00e1vo na odstoupen\u00ed od smlouvy, mus\u00edte n\u00e1s (Outgym GmbH, Bgm.-Georg-Reck-Str. 3, 91336 Heroldsbach, N\u011bmecko, tel.: +49 9190 9958-544, fax: +49 9190 9958-914, e-mail: info@outgym.de) informovat o sv\u00e9m rozhodnut\u00ed odstoupit od t\u00e9to smlouvy jasn\u00fdm prohl\u00e1\u0161en\u00edm (nap\u0159. dopisem zaslan\u00fdm po\u0161tou, faxem nebo e-mailem). Pro tento \u00fa\u010del m\u016f\u017eete pou\u017e\u00edt p\u0159ilo\u017een\u00fd vzorov\u00fd formul\u00e1\u0159 pro odstoupen\u00ed od smlouvy, ale nen\u00ed to povinn\u00e9.<\/p>\n<p>Pro dodr\u017een\u00ed lh\u016fty pro odstoupen\u00ed od smlouvy sta\u010d\u00ed, abyste ozn\u00e1men\u00ed o uplatn\u011bn\u00ed pr\u00e1va na odstoupen\u00ed od smlouvy zaslali p\u0159ed jej\u00edm uplynut\u00edm.<\/p>\n<h3>D\u016fsledky zru\u0161en\u00ed<\/h3>\n<p>Pokud od t\u00e9to smlouvy odstoup\u00edte, vr\u00e1t\u00edme v\u00e1m neprodlen\u011b, nejpozd\u011bji do \u010dtrn\u00e1cti dn\u016f ode dne, kdy jsme obdr\u017eeli ozn\u00e1men\u00ed o va\u0161em odstoupen\u00ed od t\u00e9to smlouvy, v\u0161echny platby, kter\u00e9 jsme od v\u00e1s obdr\u017eeli, v\u010detn\u011b n\u00e1klad\u016f na doru\u010den\u00ed (s v\u00fdjimkou dodate\u010dn\u00fdch n\u00e1klad\u016f vypl\u00fdvaj\u00edc\u00edch z va\u0161\u00ed volby jin\u00e9ho zp\u016fsobu doru\u010den\u00ed ne\u017e nejlevn\u011bj\u0161\u00edho standardn\u00edho doru\u010den\u00ed, kter\u00fd nab\u00edz\u00edme). Pro toto vr\u00e1cen\u00ed pen\u011bz pou\u017eijeme stejn\u00fd zp\u016fsob platby, jak\u00fd jste pou\u017eili pro p\u016fvodn\u00ed transakci, pokud s v\u00e1mi nebylo v\u00fdslovn\u011b dohodnuto jinak; za toto vr\u00e1cen\u00ed pen\u011bz v\u00e1m za \u017e\u00e1dn\u00fdch okolnost\u00ed nebudou \u00fa\u010dtov\u00e1ny \u017e\u00e1dn\u00e9 poplatky. Vr\u00e1cen\u00ed pen\u011bz m\u016f\u017eeme odm\u00edtnout, dokud neobdr\u017e\u00edme zbo\u017e\u00ed zp\u011bt nebo dokud n\u00e1m nep\u0159edlo\u017e\u00edte d\u016fkaz o vr\u00e1cen\u00ed zbo\u017e\u00ed, podle toho, co nastane d\u0159\u00edve.<\/p>\n<p>Zbo\u017e\u00ed n\u00e1m mus\u00edte neprodlen\u011b vr\u00e1tit nebo p\u0159edat, nejpozd\u011bji v\u0161ak do \u010dtrn\u00e1cti dn\u016f ode dne, kdy jste n\u00e1s informovali o odstoupen\u00ed od t\u00e9to smlouvy. Tato lh\u016fta je spln\u011bna, pokud zbo\u017e\u00ed ode\u0161lete p\u0159ed uplynut\u00edm \u010dtrn\u00e1ctidenn\u00ed lh\u016fty.<\/p>\n<p>P\u0159\u00edm\u00e9 n\u00e1klady na vr\u00e1cen\u00ed zbo\u017e\u00ed hrad\u00edte vy.<\/p>\n<p>Za ztr\u00e1tu hodnoty zbo\u017e\u00ed jste povinni uhradit pouze tehdy, pokud je tato ztr\u00e1ta hodnoty zp\u016fsobena manipulac\u00ed se zbo\u017e\u00edm, kter\u00e1 nen\u00ed nutn\u00e1 k ov\u011b\u0159en\u00ed jeho kvality, vlastnost\u00ed a funk\u010dnosti.<\/p>\n<h3>Vylou\u010den\u00ed nebo p\u0159ed\u010dasn\u00e9 uplynut\u00ed pr\u00e1va na odstoupen\u00ed od smlouvy<\/h3>\n<p>Pr\u00e1vo na odstoupen\u00ed od smlouvy se nevztahuje na smlouvy o dod\u00e1vce zbo\u017e\u00ed, kter\u00e9 nen\u00ed prefabrikovan\u00e9 a pro jeho\u017e v\u00fdrobu je rozhoduj\u00edc\u00ed individu\u00e1ln\u00ed v\u00fdb\u011br nebo ur\u010den\u00ed spot\u0159ebitele, nebo kter\u00e9 je jasn\u011b p\u0159izp\u016fsobeno osobn\u00edm pot\u0159eb\u00e1m spot\u0159ebitele.<\/p>\n<h3>Obecn\u00e9 informace<\/h3>\n<p>1) Zabra\u0148te pros\u00edm po\u0161kozen\u00ed nebo kontaminaci zbo\u017e\u00ed. Zbo\u017e\u00ed n\u00e1m pros\u00edm vra\u0165te v origin\u00e1ln\u00edm obalu, v\u010detn\u011b ve\u0161ker\u00e9ho p\u0159\u00edslu\u0161enstv\u00ed a obalov\u00fdch komponent\u016f. V p\u0159\u00edpad\u011b pot\u0159eby pou\u017eijte ochrann\u00fd vn\u011bj\u0161\u00ed obal. Pokud ji\u017e origin\u00e1ln\u00ed obal nem\u00e1te, ujist\u011bte se pros\u00edm, \u017ee pou\u017e\u00edv\u00e1te vhodn\u00fd obal, kter\u00fd zbo\u017e\u00ed dostate\u010dn\u011b ochr\u00e1n\u00ed p\u0159ed po\u0161kozen\u00edm p\u0159i p\u0159eprav\u011b.<br \/>\n2) Zbo\u017e\u00ed n\u00e1m pros\u00edm nevracejte s vyzvednut\u00edm p\u0159epravn\u00ed slu\u017eby.<br \/>\n3) Upozor\u0148ujeme, \u017ee v\u00fd\u0161e uveden\u00e9 body 1\u20132 nejsou p\u0159edpokladem pro \u00fa\u010dinn\u00e9 uplatn\u011bn\u00ed pr\u00e1va na odstoupen\u00ed od smlouvy.<\/p>\n<h2>B. Formul\u00e1\u0159 pro zru\u0161en\u00ed<\/h2>\n<p>Pokud si p\u0159ejete odstoupit od smlouvy, vypl\u0148te pros\u00edm tento formul\u00e1\u0159 a za\u0161lete jej zp\u011bt.<\/p>\n<p>Na<\/p>\n<p>Outgym GmbH<br \/>\nBgm.-Georg-Reck-Str. 3<br \/>\n91336 Heroldsbach<br \/>\nN\u011bmecko<br \/>\nFax: 09190 \/ 9958-914<br \/>\nE-mail: info@outgym.de<\/p>\n<p>T\u00edmto ru\u0161\u00edm\/ru\u0161\u00edme (*) smlouvu, kterou jsem uzav\u0159el\/uzav\u0159eli (*) na n\u00e1kup n\u00e1sleduj\u00edc\u00edho zbo\u017e\u00ed (*)\/poskytnut\u00ed n\u00e1sleduj\u00edc\u00ed slu\u017eby (*)<\/p>\n<p>_______________________________________________________<\/p>\n<p>_______________________________________________________<\/p>\n<p>Objedn\u00e1no dne (*) ____________ \/ p\u0159ijato dne (*) __________________<\/p>\n<p>________________________________________________________<br \/>\nJm\u00e9no spot\u0159ebitele (spot\u0159ebitel\u016f)<\/p>\n<p>________________________________________________________<br \/>\nAdresa spot\u0159ebitele (spot\u0159ebitel\u016f)<\/p>\n<p>________________________________________________________<br \/>\nPodpis spot\u0159ebitele\/spot\u0159ebitel\u016f (pouze pokud je ozn\u00e1men\u00ed u\u010din\u011bno v ti\u0161t\u011bn\u00e9 podob\u011b)<\/p>\n<p>_________________________<br \/>\nDatum<\/p>\n<p>(*) Nehod\u00edc\u00ed se \u0161krtn\u011bte<\/p>\n<\/div>","protected":false},"excerpt":{"rendered":"<p>Widerrufsrecht Widerrufsbelehrung &amp; Widerrufsformular Verbrauchern steht ein Widerrufsrecht nach folgender Ma\u00dfgabe zu, wobei Verbraucher jede nat\u00fcrliche Person ist, die ein Rechtsgesch\u00e4ft zu Zwecken abschlie\u00dft, die \u00fcberwiegend weder ihrer gewerblichen noch ihrer selbst\u00e4ndigen beruflichen T\u00e4tigkeit zugerechnet werden k\u00f6nnen: A. Widerrufsbelehrung Widerrufsrecht Sie haben das Recht, binnen vierzehn Tagen ohne Angabe von Gr\u00fcnden diesen Vertrag zu widerrufen. [&hellip;]<\/p>","protected":false},"author":1,"featured_media":0,"parent":0,"menu_order":0,"comment_status":"closed","ping_status":"closed","template":"fullwidth-page.php","meta":{"_monsterinsights_skip_tracking":false,"_monsterinsights_sitenote_active":false,"_monsterinsights_sitenote_note":"","_monsterinsights_sitenote_category":0,"footnotes":""},"class_list":["post-477","page","type-page","status-publish","hentry"],"jetpack-related-posts":[],"jetpack_sharing_enabled":true,"_links":{"self":[{"href":"https:\/\/steam-butler.de\/cs\/wp-json\/wp\/v2\/pages\/477","targetHints":{"allow":["GET"]}}],"collection":[{"href":"https:\/\/steam-butler.de\/cs\/wp-json\/wp\/v2\/pages"}],"about":[{"href":"https:\/\/steam-butler.de\/cs\/wp-json\/wp\/v2\/types\/page"}],"author":[{"embeddable":true,"href":"https:\/\/steam-butler.de\/cs\/wp-json\/wp\/v2\/users\/1"}],"replies":[{"embeddable":true,"href":"https:\/\/steam-butler.de\/cs\/wp-json\/wp\/v2\/comments?post=477"}],"version-history":[{"count":1,"href":"https:\/\/steam-butler.de\/cs\/wp-json\/wp\/v2\/pages\/477\/revisions"}],"predecessor-version":[{"id":478,"href":"https:\/\/steam-butler.de\/cs\/wp-json\/wp\/v2\/pages\/477\/revisions\/478"}],"wp:attachment":[{"href":"https:\/\/steam-butler.de\/cs\/wp-json\/wp\/v2\/media?parent=477"}],"curies":[{"name":"wp","href":"https:\/\/api.w.org\/{rel}","templated":true}]}}