{"id":470,"date":"2023-02-02T19:21:08","date_gmt":"2023-02-02T18:21:08","guid":{"rendered":"https:\/\/steam-butler.de\/?page_id=470"},"modified":"2023-03-03T17:42:12","modified_gmt":"2023-03-03T16:42:12","slug":"velkoobchod","status":"publish","type":"page","link":"https:\/\/steam-butler.de\/cs\/velkoobchod\/","title":{"rendered":"velkoobchod"},"content":{"rendered":"<p>Pokud byste cht\u011bli do sv\u00e9ho sortimentu p\u0159idat Steam Butler, r\u00e1di v\u00e1m za\u0161leme na\u0161e velkoobchodn\u00ed podm\u00ednky.<\/p>\n<p>Za\u0161lete n\u00e1m pros\u00edm svou obchodn\u00ed licenci pomoc\u00ed tohoto kontaktn\u00edho formul\u00e1\u0159e.<\/p>\n\n<div class=\"wpcf7 no-js\" id=\"wpcf7-f506-o1\" lang=\"de-DE\" dir=\"ltr\" data-wpcf7-id=\"506\">\n<div class=\"screen-reader-response\"><p role=\"status\" aria-live=\"polite\" aria-atomic=\"true\"><\/p> <ul><\/ul><\/div>\n<form action=\"\/cs\/wp-json\/wp\/v2\/pages\/470#wpcf7-f506-o1\" method=\"post\" class=\"wpcf7-form init\" id=\"customized-cf7-full\" aria-label=\"Kontaktformular\" enctype=\"multipart\/form-data\" novalidate=\"novalidate\" data-status=\"init\" data-trp-original-action=\"\/cs\/wp-json\/wp\/v2\/pages\/470#wpcf7-f506-o1\">\n<fieldset class=\"hidden-fields-container\"><input type=\"hidden\" name=\"_wpcf7\" value=\"506\" \/><input type=\"hidden\" name=\"_wpcf7_version\" value=\"6.1.4\" \/><input type=\"hidden\" name=\"_wpcf7_locale\" value=\"de_DE\" \/><input type=\"hidden\" name=\"_wpcf7_unit_tag\" value=\"wpcf7-f506-o1\" \/><input type=\"hidden\" name=\"_wpcf7_container_post\" value=\"0\" \/><input type=\"hidden\" name=\"_wpcf7_posted_data_hash\" value=\"\" \/>\n<\/fieldset>\n<p><span class=\"wpcf7-form-control-wrap\" data-name=\"your-company\"><input size=\"40\" maxlength=\"400\" class=\"wpcf7-form-control wpcf7-text wpcf7-validates-as-required w-full\" autocomplete=\"name\" aria-required=\"true\" aria-invalid=\"false\" placeholder=\"Spole\u010dnost *\" value=\"\" type=\"text\" name=\"your-company\" \/><\/span>\n<\/p>\n<p><span class=\"wpcf7-form-control-wrap\" data-name=\"your-name\"><input size=\"40\" maxlength=\"400\" class=\"wpcf7-form-control wpcf7-text wpcf7-validates-as-required w-full\" autocomplete=\"name\" aria-required=\"true\" aria-invalid=\"false\" placeholder=\"Jm\u00e9no *\" value=\"\" type=\"text\" name=\"your-name\" \/><\/span>\n<\/p>\n<p><span class=\"wpcf7-form-control-wrap\" data-name=\"your-email\"><input size=\"40\" maxlength=\"400\" class=\"wpcf7-form-control wpcf7-email wpcf7-validates-as-required wpcf7-text wpcf7-validates-as-email w-full\" autocomplete=\"email\" aria-required=\"true\" aria-invalid=\"false\" placeholder=\"E-mailov\u00e1 adresa *\" value=\"\" type=\"email\" name=\"your-email\" \/><\/span>\n<\/p>\n<p><span class=\"wpcf7-form-control-wrap\" data-name=\"your-subject\"><input size=\"40\" maxlength=\"400\" class=\"wpcf7-form-control wpcf7-text wpcf7-validates-as-required w-full\" autocomplete=\"name\" aria-required=\"true\" aria-invalid=\"false\" placeholder=\"Referen\u010dn\u00ed \u010d\u00edslo *\" value=\"\" type=\"text\" name=\"your-subject\" \/><\/span>\n<\/p>\n<p><span class=\"wpcf7-form-control-wrap\" data-name=\"your-message\"><textarea cols=\"40\" rows=\"10\" maxlength=\"2000\" class=\"wpcf7-form-control wpcf7-textarea w-full\" aria-invalid=\"false\" placeholder=\"Va\u0161e zpr\u00e1va (voliteln\u00e9)\" name=\"your-message\"><\/textarea><\/span>\n<\/p>\n<p><span class=\"wpcf7-form-control-wrap\" data-name=\"file-311\"><input size=\"40\" class=\"wpcf7-form-control wpcf7-file wpcf7-validates-as-required w-full\" accept=\".pdf,.jpg\" aria-required=\"true\" aria-invalid=\"false\" type=\"file\" name=\"file-311\" \/><\/span>\n<\/p>\n<p><input class=\"wpcf7-form-control wpcf7-submit has-spinner\" type=\"submit\" value=\"Poslat\" \/>\n<\/p><div class=\"wpcf7-response-output\" aria-hidden=\"true\"><\/div>\n<input type=\"hidden\" name=\"trp-form-language\" value=\"cs\"\/><\/form>\n<\/div>","protected":false},"excerpt":{"rendered":"<p>Sie m\u00f6chten den Steam Butler in Ihr Sortiment aufnehmen. Gerne senden wir Ihnen unsere Gro\u00dfhandelskonditionen. Bitte senden Sie uns Ihren Gewerbenachweis mit diesem Kontaktformular.<\/p>","protected":false},"author":1,"featured_media":0,"parent":0,"menu_order":0,"comment_status":"closed","ping_status":"closed","template":"fullwidth-page.php","meta":{"_monsterinsights_skip_tracking":false,"_monsterinsights_sitenote_active":false,"_monsterinsights_sitenote_note":"","_monsterinsights_sitenote_category":0,"footnotes":""},"class_list":["post-470","page","type-page","status-publish","hentry"],"jetpack-related-posts":[],"jetpack_sharing_enabled":true,"_links":{"self":[{"href":"https:\/\/steam-butler.de\/cs\/wp-json\/wp\/v2\/pages\/470","targetHints":{"allow":["GET"]}}],"collection":[{"href":"https:\/\/steam-butler.de\/cs\/wp-json\/wp\/v2\/pages"}],"about":[{"href":"https:\/\/steam-butler.de\/cs\/wp-json\/wp\/v2\/types\/page"}],"author":[{"embeddable":true,"href":"https:\/\/steam-butler.de\/cs\/wp-json\/wp\/v2\/users\/1"}],"replies":[{"embeddable":true,"href":"https:\/\/steam-butler.de\/cs\/wp-json\/wp\/v2\/comments?post=470"}],"version-history":[{"count":5,"href":"https:\/\/steam-butler.de\/cs\/wp-json\/wp\/v2\/pages\/470\/revisions"}],"predecessor-version":[{"id":610,"href":"https:\/\/steam-butler.de\/cs\/wp-json\/wp\/v2\/pages\/470\/revisions\/610"}],"wp:attachment":[{"href":"https:\/\/steam-butler.de\/cs\/wp-json\/wp\/v2\/media?parent=470"}],"curies":[{"name":"wp","href":"https:\/\/api.w.org\/{rel}","templated":true}]}}