{"id":463,"date":"2023-02-02T19:09:36","date_gmt":"2023-02-02T18:09:36","guid":{"rendered":"https:\/\/steam-butler.de\/?page_id=463"},"modified":"2023-03-03T17:43:50","modified_gmt":"2023-03-03T16:43:50","slug":"otisk","status":"publish","type":"page","link":"https:\/\/steam-butler.de\/cs\/otisk\/","title":{"rendered":"otisk"},"content":{"rendered":"<p>Outgym GmbH<br \/>\nBgm.-Georg-Reck-Str. 3<br \/>\n91336 Heroldsbach<br \/>\nN\u011bmecko<\/p>\n<p>Telefon: 09190 \/ 9958-544<br \/>\nFax: 09190 \/ 9958-914<br \/>\nE-mail: info@outgym.de<\/p>\n<p>Rejst\u0159\u00edkov\u00fd soud: Okresn\u00ed soud v Bambergu<br \/>\nRegistra\u010dn\u00ed \u010d\u00edslo: HRB 10384<\/p>\n<p>Jednatel: Michael Meindl<\/p>\n<p>DI\u010c dle \u00a7 27a z\u00e1kona o dani z prodeje: DE344141760<\/p>\n<p>Platforma Evropsk\u00e9 komise pro online \u0159e\u0161en\u00ed spor\u016f:&nbsp;<a href=\"https:\/\/ec.europa.eu\/odr\" target=\"_blank\" rel=\"noopener\">https:\/\/ec.europa.eu\/odr<\/a><\/p>\n<p>Nejsme ani povinni, ani ochotni se \u00fa\u010dastnit \u0159\u00edzen\u00ed o \u0159e\u0161en\u00ed spor\u016f p\u0159ed rozhod\u010d\u00ed komis\u00ed pro spot\u0159ebitele.<\/p>\n<p>Odpov\u011bdn\u00e1 osoba ve smyslu \u00a7 18 odst. 2 z\u00e1kona MStV:<br \/>\nMicahel Meindl, starosta-Georg-Reck-Str. 3, 91336 Heroldsbach<\/p>\n<p>Obr\u00e1zky a texty pou\u017eit\u00e9 u za\u0159\u00edzen\u00ed, jejich\u017e v\u00fdrobcem nen\u00ed Trimm-Dich-Pfad.com, jsou majetkem p\u0159\u00edslu\u0161n\u00fdch v\u00fdrobc\u016f a byly n\u00e1m zp\u0159\u00edstupn\u011bny.<\/p>\n<p>Zdroj pou\u017eit\u00fdch obr\u00e1zk\u016f z fotobank: Fotolia.de \/ Bigstockphoto.com<br \/>\n<div class=\"woocommerce woocommerce-gzd woocommerce-gzd-complaints-shortcode\">\n\t\t\t<h3>Alternative Dispute Resolution in accordance with Art. 14 (1) ODR-VO and \u00a7 36 VSBG:<\/h3>\n\t\nNejsme ani povinni, ani ochotni se \u00fa\u010dastnit \u0159\u00edzen\u00ed o \u0159e\u0161en\u00ed spor\u016f p\u0159ed rozhod\u010d\u00ed komis\u00ed pro spot\u0159ebitele.<\/div>","protected":false},"excerpt":{"rendered":"<p>Outgym GmbH Bgm.-Georg-Reck-Str. 3 91336 Heroldsbach Deutschland Tel.: 09190 \/ 9958-544 Fax: 09190 \/ 9958-914 E-Mail: info@outgym.de Registergericht: Amtsgericht Bamberg Registernummer: HRB 10384 Gesch\u00e4ftsf\u00fchrer: Michael Meindl Umsatzsteuer-Identifikationsnummer gem\u00e4\u00df \u00a7 27 a Umsatzsteuergesetz: DE344141760 Plattform der EU-Kommission zur Online-Streitbeilegung:&nbsp;https:\/\/ec.europa.eu\/odr Wir sind zur Teilnahme an einem Streitbeilegungsverfahren vor einer Verbraucherschlichtungsstelle weder verpflichtet noch bereit. Verantwortliche\/r i.S.d. \u00a7 [&hellip;]<\/p>","protected":false},"author":1,"featured_media":0,"parent":0,"menu_order":0,"comment_status":"closed","ping_status":"closed","template":"fullwidth-page.php","meta":{"_monsterinsights_skip_tracking":false,"_monsterinsights_sitenote_active":false,"_monsterinsights_sitenote_note":"","_monsterinsights_sitenote_category":0,"footnotes":""},"class_list":["post-463","page","type-page","status-publish","hentry"],"jetpack-related-posts":[],"jetpack_sharing_enabled":true,"_links":{"self":[{"href":"https:\/\/steam-butler.de\/cs\/wp-json\/wp\/v2\/pages\/463","targetHints":{"allow":["GET"]}}],"collection":[{"href":"https:\/\/steam-butler.de\/cs\/wp-json\/wp\/v2\/pages"}],"about":[{"href":"https:\/\/steam-butler.de\/cs\/wp-json\/wp\/v2\/types\/page"}],"author":[{"embeddable":true,"href":"https:\/\/steam-butler.de\/cs\/wp-json\/wp\/v2\/users\/1"}],"replies":[{"embeddable":true,"href":"https:\/\/steam-butler.de\/cs\/wp-json\/wp\/v2\/comments?post=463"}],"version-history":[{"count":3,"href":"https:\/\/steam-butler.de\/cs\/wp-json\/wp\/v2\/pages\/463\/revisions"}],"predecessor-version":[{"id":518,"href":"https:\/\/steam-butler.de\/cs\/wp-json\/wp\/v2\/pages\/463\/revisions\/518"}],"wp:attachment":[{"href":"https:\/\/steam-butler.de\/cs\/wp-json\/wp\/v2\/media?parent=463"}],"curies":[{"name":"wp","href":"https:\/\/api.w.org\/{rel}","templated":true}]}}